{"id":149,"date":"2024-05-02T14:15:50","date_gmt":"2024-05-02T14:15:50","guid":{"rendered":"https:\/\/www.st-michel-amparibe.mg\/?page_id=149"},"modified":"2025-10-21T13:38:59","modified_gmt":"2025-10-21T10:38:59","slug":"anketsapremier-cycle","status":"publish","type":"page","link":"https:\/\/www.st-michel-amparibe.mg\/index.php\/anketsapremier-cycle\/","title":{"rendered":"ANKETSA (Premier Cycle)"},"content":{"rendered":"\t\t<div data-elementor-type=\"wp-page\" data-elementor-id=\"149\" class=\"elementor elementor-149\" data-elementor-post-type=\"page\">\n\t\t\t\t<div class=\"elementor-element elementor-element-4004a20 e-flex e-con-boxed e-con e-parent\" data-id=\"4004a20\" data-element_type=\"container\">\n\t\t\t\t\t<div class=\"e-con-inner\">\n\t\t\t\t<div class=\"elementor-element elementor-element-d7700e6 elementor-widget elementor-widget-image\" data-id=\"d7700e6\" data-element_type=\"widget\" data-widget_type=\"image.default\">\n\t\t\t\t<div class=\"elementor-widget-container\">\n\t\t\t\t\t\t\t\t\t\t\t\t\t\t\t<img fetchpriority=\"high\" decoding=\"async\" width=\"2560\" height=\"1440\" src=\"https:\/\/www.st-michel-amparibe.mg\/wp-content\/uploads\/2024\/05\/phanketsa-1-scaled.jpg\" class=\"attachment-full size-full wp-image-433\" alt=\"\" srcset=\"https:\/\/www.st-michel-amparibe.mg\/wp-content\/uploads\/2024\/05\/phanketsa-1-scaled.jpg 2560w, https:\/\/www.st-michel-amparibe.mg\/wp-content\/uploads\/2024\/05\/phanketsa-1-300x169.jpg 300w, https:\/\/www.st-michel-amparibe.mg\/wp-content\/uploads\/2024\/05\/phanketsa-1-1024x576.jpg 1024w, https:\/\/www.st-michel-amparibe.mg\/wp-content\/uploads\/2024\/05\/phanketsa-1-768x432.jpg 768w, https:\/\/www.st-michel-amparibe.mg\/wp-content\/uploads\/2024\/05\/phanketsa-1-1536x864.jpg 1536w, https:\/\/www.st-michel-amparibe.mg\/wp-content\/uploads\/2024\/05\/phanketsa-1-2048x1152.jpg 2048w\" sizes=\"(max-width: 2560px) 100vw, 2560px\" \/>\t\t\t\t\t\t\t\t\t\t\t\t\t\t\t<\/div>\n\t\t\t\t<\/div>\n\t\t\t\t\t<\/div>\n\t\t\t\t<\/div>\n\t\t<div class=\"elementor-element elementor-element-9ff50ca e-flex e-con-boxed e-con e-parent\" data-id=\"9ff50ca\" data-element_type=\"container\">\n\t\t\t\t\t<div class=\"e-con-inner\">\n\t\t\t\t<div class=\"elementor-element elementor-element-85534e1 elementor-widget elementor-widget-heading\" data-id=\"85534e1\" data-element_type=\"widget\" data-widget_type=\"heading.default\">\n\t\t\t\t<div class=\"elementor-widget-container\">\n\t\t\t\t\t<h2 class=\"elementor-heading-title elementor-size-default\">ANKETSA (Premier Cycle)<\/h2>\t\t\t\t<\/div>\n\t\t\t\t<\/div>\n\t\t\t\t\t<\/div>\n\t\t\t\t<\/div>\n\t\t<div class=\"elementor-element elementor-element-072d3b5 e-flex e-con-boxed e-con e-parent\" data-id=\"072d3b5\" data-element_type=\"container\">\n\t\t\t\t\t<div class=\"e-con-inner\">\n\t\t<div class=\"elementor-element elementor-element-9afa984 e-flex e-con-boxed e-con e-child\" data-id=\"9afa984\" data-element_type=\"container\">\n\t\t\t\t\t<div class=\"e-con-inner\">\n\t\t<div class=\"elementor-element elementor-element-ed1a67a e-flex e-con-boxed e-con e-child\" data-id=\"ed1a67a\" data-element_type=\"container\">\n\t\t\t\t\t<div class=\"e-con-inner\">\n\t\t\t\t<div class=\"elementor-element elementor-element-55a8884 elementor-widget elementor-widget-text-editor\" data-id=\"55a8884\" data-element_type=\"widget\" data-widget_type=\"text-editor.default\">\n\t\t\t\t<div class=\"elementor-widget-container\">\n\t\t\t\t\t\t\t\t\t<p><span style=\"color: var( --e-global-color-text ); font-family: var( --e-global-typography-text-font-family ), Sans-serif; font-weight: var( --e-global-typography-text-font-weight ); text-align: var(--text-align); font-size: 1rem;\">Tamin\u2019ny taona 1982, tao aorian\u2019ny nananganana indray ny trano vaovao, dia ny kilasy 4\u00e8, 5\u00e8, 6\u00e8 no teto @ Fokontany Afovoany (Anketsa ankehitriny), ary F. FAZIO no nitantana teto. Ny kilasy 3\u00e8 dia mbola niaraka tamin\u2019ny Fokontany Atsimo (Vohitraivo ankehitriny) izay notantanan\u2019I P. Morterol.<\/span><\/p><p>Ny taona 2013 no nanomboka nisy zazavavy teto amin\u2019ny FOKONTANY ANKETSA, fa ny kilasy faha6 ihany. Ny fokontany Anketsa no ivon\u2019ny KOLEJY MASINA MISELY. Izy no trano tranainy indrindra, 130 taona, ary ao amin\u2019ny \u201cCour d\u2019honneur no voasoratra ny teny fanevan\u2019ny Kolejy \u201cMiorim-paka hanasoa olona\u201d sy ny fanafoizan-teny ny teny faneva zezoita \u201cAMDG\u201d (Ad Majorem Dei Gloriam\u201d, na hoe Ho an\u2019ny voninahitr\u2019Andriamanitra lehibe indrindra) Avy ao Andoharano dia mifindra ato ANKETSA ny ankizy.\u00a0<\/p><p>Tontolo vaovao miaraka amin\u2019ireo voaray hiditra 6\u00e8 avy any amin\u2019ny sekoly ivelany no mandray azy. Efa-taona feno no hanovozan\u2019izy ireo fanabeazana feno ara-batana, ara-tsaina sy ara-panahy ary ara-piarahamonina. Toy ny ketsa dia tanimbary efa milamina no handraisana azy ireo. Beazina isan-tarika izy ireo mba hahay miray hina sy mifanampy, hanantanteraka sahady ny hoe \u201cMiorim-paka hanasoa olona\u201d. Ato Anketsa izy ireo no miaina ny fotoana fiampitana avy amin\u2019ny maha-ankizy mankamin\u2019ny maha-tanora ara-batana, aran-tsaina, aram-panahy sy ara-piarahamonina.<\/p>\t\t\t\t\t\t\t\t<\/div>\n\t\t\t\t<\/div>\n\t\t<div class=\"elementor-element elementor-element-6f2286d e-flex e-con-boxed e-con e-child\" data-id=\"6f2286d\" data-element_type=\"container\">\n\t\t\t\t\t<div class=\"e-con-inner\">\n\t\t\t\t<div class=\"elementor-element elementor-element-c36098c animated-slow elementor-invisible elementor-widget elementor-widget-image\" data-id=\"c36098c\" data-element_type=\"widget\" data-settings=\"{&quot;_animation&quot;:&quot;fadeInUp&quot;}\" data-widget_type=\"image.default\">\n\t\t\t\t<div class=\"elementor-widget-container\">\n\t\t\t\t\t\t\t\t\t\t\t\t\t\t\t<img decoding=\"async\" width=\"768\" height=\"577\" src=\"https:\/\/www.st-michel-amparibe.mg\/wp-content\/uploads\/2024\/05\/IMG_20240511_152442-768x577.jpg\" class=\"attachment-medium_large size-medium_large wp-image-555\" alt=\"\" srcset=\"https:\/\/www.st-michel-amparibe.mg\/wp-content\/uploads\/2024\/05\/IMG_20240511_152442-768x577.jpg 768w, https:\/\/www.st-michel-amparibe.mg\/wp-content\/uploads\/2024\/05\/IMG_20240511_152442-300x225.jpg 300w, https:\/\/www.st-michel-amparibe.mg\/wp-content\/uploads\/2024\/05\/IMG_20240511_152442-1024x769.jpg 1024w, https:\/\/www.st-michel-amparibe.mg\/wp-content\/uploads\/2024\/05\/IMG_20240511_152442-1536x1154.jpg 1536w, https:\/\/www.st-michel-amparibe.mg\/wp-content\/uploads\/2024\/05\/IMG_20240511_152442-2048x1538.jpg 2048w\" sizes=\"(max-width: 768px) 100vw, 768px\" \/>\t\t\t\t\t\t\t\t\t\t\t\t\t\t\t<\/div>\n\t\t\t\t<\/div>\n\t\t\t\t\t<\/div>\n\t\t\t\t<\/div>\n\t\t\t\t\t<\/div>\n\t\t\t\t<\/div>\n\t\t\t\t\t<\/div>\n\t\t\t\t<\/div>\n\t\t\t\t\t<\/div>\n\t\t\t\t<\/div>\n\t\t<div class=\"elementor-element elementor-element-4941d12 e-flex e-con-boxed e-con e-parent\" data-id=\"4941d12\" data-element_type=\"container\" data-settings=\"{&quot;background_background&quot;:&quot;classic&quot;}\">\n\t\t\t\t\t<div class=\"e-con-inner\">\n\t\t\t\t<div class=\"elementor-element elementor-element-f6fb880 elementor-widget elementor-widget-text-editor\" data-id=\"f6fb880\" data-element_type=\"widget\" data-widget_type=\"text-editor.default\">\n\t\t\t\t<div class=\"elementor-widget-container\">\n\t\t\t\t\t\t\t\t\t<p>Teny faneva \u201cFanajana \u2013 Fahamarinana \u2013 Fahatsorana\u201d no fototry ny fanabeazana haha-olona azy ireo ato Anketsa. Manaja tena sy ny hafa, manao ny marina, ary tsotra, eo amin\u2019ny teny sy fihetsika na eo amin\u2019ny fifandraisan\u2019ny samy ankizy, na amin\u2019ny Ray aman-dreny sy mpanabe. Isan-tarika koa anefa dia manana ny teny iainany izay io ambaran\u2019ny lokon\u2019ny ankanjo mampiavaka azy ireo. MANGA : midika ho Fahafahana (libert\u00e9) ho an\u2019ny 6\u00e8me, zandriny indrindra ato Anketsa. Mbola vaovao izy ireo, vaovao avokoa ny tontolo, mpampianatra, namana, ny fifandraisana&#8230;. ka beazina izy ireo ho afaka amin\u2019ny tahotra isan-karazany ary ho afaka hanome ny tsara indrindra avy aminy.<\/p>\t\t\t\t\t\t\t\t<\/div>\n\t\t\t\t<\/div>\n\t\t\t\t<div class=\"elementor-element elementor-element-7d19a19 elementor-widget-divider--view-line elementor-widget elementor-widget-divider\" data-id=\"7d19a19\" data-element_type=\"widget\" data-widget_type=\"divider.default\">\n\t\t\t\t<div class=\"elementor-widget-container\">\n\t\t\t\t\t\t\t<div class=\"elementor-divider\">\n\t\t\t<span class=\"elementor-divider-separator\">\n\t\t\t\t\t\t<\/span>\n\t\t<\/div>\n\t\t\t\t\t\t<\/div>\n\t\t\t\t<\/div>\n\t\t\t\t\t<\/div>\n\t\t\t\t<\/div>\n\t\t<div class=\"elementor-element elementor-element-5829822 e-flex e-con-boxed e-con e-parent\" data-id=\"5829822\" data-element_type=\"container\">\n\t\t\t\t\t<div class=\"e-con-inner\">\n\t\t<div class=\"elementor-element elementor-element-67a4695 e-con-full e-flex e-con e-child\" data-id=\"67a4695\" data-element_type=\"container\">\n\t\t\t\t<div class=\"elementor-element elementor-element-885ad96 elementor-widget elementor-widget-text-editor\" data-id=\"885ad96\" data-element_type=\"widget\" data-widget_type=\"text-editor.default\">\n\t\t\t\t<div class=\"elementor-widget-container\">\n\t\t\t\t\t\t\t\t\t<p>MENA : midika ho Fahafoizan-tena (Volont\u00e9) ho an\u2019ny 5\u00e8me ; afaka tamin\u2019ny tahotra dia sahisahy mahafoy tena. Mitaiza ny sitrapo sy hahafoy tena hanao tsara kokoa ny fianarana sy fibeazana atolotra no hitaizna ny kilasy faha 5. MAITSO : midika hoe mitaiza ny \u201cmaha izy\u201d ny tena (Personalit\u00e9) ho an\u2019ny 4\u00e8me. Efa hita soritra ny toetra sy ny vatana mampiavaka azy amin\u2019ny hafa. Ny fikoloana ny \u201cmaha izy\u201d ny tsirairay no anabeazana io tarika io. MAVO : midika ho fandraisana andraikitra (Responsabilit\u00e9) ho an\u2019ny 3\u00e8me. Kilasy mamarana ny ato Anketsa. Zoky ka itokiana azo hametrahana andraikitra ary manana adidy eo anatrehan\u2019ireo zandriny. Nanomboka ity taom-pianarana 2018-2019 ity dia nosokafana ny kilasy 6\u00e8V satria hita fa maro be ireo mpianatra avy any ivelany tokony ho tafiditra nefa noho ny tsy fahampian\u2019ny toerana dia tena voafetra ny azo raisina. Hitombo kilasy iray fanampiny araka izany isan-taona ny 5\u00e8, 4\u00e8, 3\u00e8.<\/p>\t\t\t\t\t\t\t\t<\/div>\n\t\t\t\t<\/div>\n\t\t\t\t<\/div>\n\t\t<div class=\"elementor-element elementor-element-3d61f00 e-con-full e-flex e-con e-child\" data-id=\"3d61f00\" data-element_type=\"container\">\n\t\t\t\t<div class=\"elementor-element elementor-element-403259f elementor-widget elementor-widget-text-editor\" data-id=\"403259f\" data-element_type=\"widget\" data-widget_type=\"text-editor.default\">\n\t\t\t\t<div class=\"elementor-widget-container\">\n\t\t\t\t\t\t\t\t\t<p>Ny isan\u2019ny mpianatra eto ANKETSA 2018-2019 dia 836 izay mitsinjara toy izao :<\/p><ul style=\"font-size: 16px; background-color: #ffffff;\"><li style=\"font-size: 16px;\">Division 6\u00e8 : LAHY 168, VAVY : 81<\/li><li style=\"font-size: 16px;\">Division 5\u00e8 : LAHY 147, VAVY : 68<\/li><li style=\"font-size: 16px;\">Division 4\u00e8 : LAHY 146, VAVY : 51<\/li><li style=\"font-size: 16px;\">Division 3\u00e8 : LAHY 128, VAVY : 47<\/li><\/ul><div>\u00a0<\/div><p>Ny isan\u2019ny mpampianatra : 45 Ny mpandraharaha : Sekretera : 1 Mpanadio ny fokontany : 2<br \/>Misy ihany koa ny \u201cactivit\u00e9s parascolaires\u201d izay hitaizana ny ankizy ny Alarobia hariva sy ny Asabotsy maraina. TARANJA ISAN\u2019NY MPIANATRA ART CULINAIRE 143 BRODERIE ET COUTURE 19 ART PLASTIQUE 45 DANSE MODERNE 11 DANSE SPORTIVE 32 KABARY 4 GUITARE 67 THEATRE\/FRANCAIS\/LECTURE 25 PIANO 63 MATHEMATIQUES 34 ANGLAIS 41<\/p>\t\t\t\t\t\t\t\t<\/div>\n\t\t\t\t<\/div>\n\t\t\t\t<\/div>\n\t\t\t\t\t<\/div>\n\t\t\t\t<\/div>\n\t\t\t\t<\/div>\n\t\t","protected":false},"excerpt":{"rendered":"<p>ANKETSA (Premier Cycle) Tamin\u2019ny taona 1982, tao aorian\u2019ny nananganana indray ny trano vaovao, dia ny kilasy 4\u00e8, 5\u00e8, 6\u00e8 no teto @ Fokontany Afovoany (Anketsa ankehitriny), ary F. FAZIO no nitantana teto. Ny kilasy 3\u00e8 dia mbola niaraka tamin\u2019ny Fokontany Atsimo (Vohitraivo ankehitriny) izay notantanan\u2019I P. Morterol. Ny taona 2013 no nanomboka nisy zazavavy teto [&hellip;]<\/p>\n","protected":false},"author":1,"featured_media":0,"parent":0,"menu_order":0,"comment_status":"closed","ping_status":"closed","template":"elementor_theme","meta":{"footnotes":""},"class_list":["post-149","page","type-page","status-publish","hentry"],"yoast_head":"<!-- This site is optimized with the Yoast SEO plugin v26.6 - https:\/\/yoast.com\/wordpress\/plugins\/seo\/ -->\n<title>\u00e9cole primaire premier cycle - anketsa - st michel amparibe<\/title>\n<meta name=\"description\" content=\"st michel - \u00e9cole - premier cycle (6\u00e8me - 5\u00e8me - 4\u00e8me - 3\u00e8me) - anketsa - j\u00e9suite - zezoita - sekoly - katolika - Antananarivo - Madagascar\" \/>\n<meta name=\"robots\" content=\"index, follow, max-snippet:-1, max-image-preview:large, max-video-preview:-1\" \/>\n<link rel=\"canonical\" href=\"https:\/\/www.st-michel-amparibe.mg\/index.php\/anketsapremier-cycle\/\" \/>\n<meta property=\"og:locale\" content=\"fr_CA\" \/>\n<meta property=\"og:type\" content=\"article\" \/>\n<meta property=\"og:title\" content=\"\u00e9cole primaire premier cycle - anketsa - st michel amparibe\" \/>\n<meta property=\"og:description\" content=\"st michel - \u00e9cole - premier cycle (6\u00e8me - 5\u00e8me - 4\u00e8me - 3\u00e8me) - anketsa - j\u00e9suite - zezoita - sekoly - katolika - Antananarivo - Madagascar\" \/>\n<meta property=\"og:url\" content=\"https:\/\/www.st-michel-amparibe.mg\/index.php\/anketsapremier-cycle\/\" \/>\n<meta property=\"og:site_name\" content=\"St Michel\" \/>\n<meta property=\"article:modified_time\" content=\"2025-10-21T10:38:59+00:00\" \/>\n<meta property=\"og:image\" content=\"https:\/\/www.st-michel-amparibe.mg\/wp-content\/uploads\/2024\/05\/phanketsa-1-scaled.jpg\" \/>\n\t<meta property=\"og:image:width\" content=\"2560\" \/>\n\t<meta property=\"og:image:height\" content=\"1440\" \/>\n\t<meta property=\"og:image:type\" content=\"image\/jpeg\" \/>\n<meta name=\"twitter:card\" content=\"summary_large_image\" \/>\n<meta name=\"twitter:label1\" content=\"Estimation du temps de lecture\" \/>\n\t<meta name=\"twitter:data1\" content=\"4 minutes\" \/>\n<script type=\"application\/ld+json\" class=\"yoast-schema-graph\">{\"@context\":\"https:\/\/schema.org\",\"@graph\":[{\"@type\":\"WebPage\",\"@id\":\"https:\/\/www.st-michel-amparibe.mg\/index.php\/anketsapremier-cycle\/\",\"url\":\"https:\/\/www.st-michel-amparibe.mg\/index.php\/anketsapremier-cycle\/\",\"name\":\"\u00e9cole primaire premier cycle - anketsa - st michel amparibe\",\"isPartOf\":{\"@id\":\"https:\/\/www.st-michel-amparibe.mg\/#website\"},\"primaryImageOfPage\":{\"@id\":\"https:\/\/www.st-michel-amparibe.mg\/index.php\/anketsapremier-cycle\/#primaryimage\"},\"image\":{\"@id\":\"https:\/\/www.st-michel-amparibe.mg\/index.php\/anketsapremier-cycle\/#primaryimage\"},\"thumbnailUrl\":\"https:\/\/www.st-michel-amparibe.mg\/wp-content\/uploads\/2024\/05\/phanketsa-1-scaled.jpg\",\"datePublished\":\"2024-05-02T14:15:50+00:00\",\"dateModified\":\"2025-10-21T10:38:59+00:00\",\"description\":\"st michel - \u00e9cole - premier cycle (6\u00e8me - 5\u00e8me - 4\u00e8me - 3\u00e8me) - anketsa - j\u00e9suite - zezoita - sekoly - katolika - Antananarivo - Madagascar\",\"breadcrumb\":{\"@id\":\"https:\/\/www.st-michel-amparibe.mg\/index.php\/anketsapremier-cycle\/#breadcrumb\"},\"inLanguage\":\"fr-CA\",\"potentialAction\":[{\"@type\":\"ReadAction\",\"target\":[\"https:\/\/www.st-michel-amparibe.mg\/index.php\/anketsapremier-cycle\/\"]}]},{\"@type\":\"ImageObject\",\"inLanguage\":\"fr-CA\",\"@id\":\"https:\/\/www.st-michel-amparibe.mg\/index.php\/anketsapremier-cycle\/#primaryimage\",\"url\":\"https:\/\/www.st-michel-amparibe.mg\/wp-content\/uploads\/2024\/05\/phanketsa-1-scaled.jpg\",\"contentUrl\":\"https:\/\/www.st-michel-amparibe.mg\/wp-content\/uploads\/2024\/05\/phanketsa-1-scaled.jpg\",\"width\":2560,\"height\":1440},{\"@type\":\"BreadcrumbList\",\"@id\":\"https:\/\/www.st-michel-amparibe.mg\/index.php\/anketsapremier-cycle\/#breadcrumb\",\"itemListElement\":[{\"@type\":\"ListItem\",\"position\":1,\"name\":\"Accueil\",\"item\":\"https:\/\/www.st-michel-amparibe.mg\/\"},{\"@type\":\"ListItem\",\"position\":2,\"name\":\"ANKETSA (Premier Cycle)\"}]},{\"@type\":\"WebSite\",\"@id\":\"https:\/\/www.st-michel-amparibe.mg\/#website\",\"url\":\"https:\/\/www.st-michel-amparibe.mg\/\",\"name\":\"St Michel amparibe\",\"description\":\"Miorimpaka hanasoa olona.\",\"publisher\":{\"@id\":\"https:\/\/www.st-michel-amparibe.mg\/#organization\"},\"potentialAction\":[{\"@type\":\"SearchAction\",\"target\":{\"@type\":\"EntryPoint\",\"urlTemplate\":\"https:\/\/www.st-michel-amparibe.mg\/?s={search_term_string}\"},\"query-input\":{\"@type\":\"PropertyValueSpecification\",\"valueRequired\":true,\"valueName\":\"search_term_string\"}}],\"inLanguage\":\"fr-CA\"},{\"@type\":\"Organization\",\"@id\":\"https:\/\/www.st-michel-amparibe.mg\/#organization\",\"name\":\"St Michel amparibe\",\"url\":\"https:\/\/www.st-michel-amparibe.mg\/\",\"logo\":{\"@type\":\"ImageObject\",\"inLanguage\":\"fr-CA\",\"@id\":\"https:\/\/www.st-michel-amparibe.mg\/#\/schema\/logo\/image\/\",\"url\":\"https:\/\/www.st-michel-amparibe.mg\/wp-content\/uploads\/2024\/06\/logo-st-michel.jpg\",\"contentUrl\":\"https:\/\/www.st-michel-amparibe.mg\/wp-content\/uploads\/2024\/06\/logo-st-michel.jpg\",\"width\":1021,\"height\":1008,\"caption\":\"St Michel amparibe\"},\"image\":{\"@id\":\"https:\/\/www.st-michel-amparibe.mg\/#\/schema\/logo\/image\/\"}}]}<\/script>\n<!-- \/ Yoast SEO plugin. -->","yoast_head_json":{"title":"\u00e9cole primaire premier cycle - anketsa - st michel amparibe","description":"st michel - \u00e9cole - premier cycle (6\u00e8me - 5\u00e8me - 4\u00e8me - 3\u00e8me) - anketsa - j\u00e9suite - zezoita - sekoly - katolika - Antananarivo - Madagascar","robots":{"index":"index","follow":"follow","max-snippet":"max-snippet:-1","max-image-preview":"max-image-preview:large","max-video-preview":"max-video-preview:-1"},"canonical":"https:\/\/www.st-michel-amparibe.mg\/index.php\/anketsapremier-cycle\/","og_locale":"fr_CA","og_type":"article","og_title":"\u00e9cole primaire premier cycle - anketsa - st michel amparibe","og_description":"st michel - \u00e9cole - premier cycle (6\u00e8me - 5\u00e8me - 4\u00e8me - 3\u00e8me) - anketsa - j\u00e9suite - zezoita - sekoly - katolika - Antananarivo - Madagascar","og_url":"https:\/\/www.st-michel-amparibe.mg\/index.php\/anketsapremier-cycle\/","og_site_name":"St Michel","article_modified_time":"2025-10-21T10:38:59+00:00","og_image":[{"width":2560,"height":1440,"url":"https:\/\/www.st-michel-amparibe.mg\/wp-content\/uploads\/2024\/05\/phanketsa-1-scaled.jpg","type":"image\/jpeg"}],"twitter_card":"summary_large_image","twitter_misc":{"Estimation du temps de lecture":"4 minutes"},"schema":{"@context":"https:\/\/schema.org","@graph":[{"@type":"WebPage","@id":"https:\/\/www.st-michel-amparibe.mg\/index.php\/anketsapremier-cycle\/","url":"https:\/\/www.st-michel-amparibe.mg\/index.php\/anketsapremier-cycle\/","name":"\u00e9cole primaire premier cycle - anketsa - st michel amparibe","isPartOf":{"@id":"https:\/\/www.st-michel-amparibe.mg\/#website"},"primaryImageOfPage":{"@id":"https:\/\/www.st-michel-amparibe.mg\/index.php\/anketsapremier-cycle\/#primaryimage"},"image":{"@id":"https:\/\/www.st-michel-amparibe.mg\/index.php\/anketsapremier-cycle\/#primaryimage"},"thumbnailUrl":"https:\/\/www.st-michel-amparibe.mg\/wp-content\/uploads\/2024\/05\/phanketsa-1-scaled.jpg","datePublished":"2024-05-02T14:15:50+00:00","dateModified":"2025-10-21T10:38:59+00:00","description":"st michel - \u00e9cole - premier cycle (6\u00e8me - 5\u00e8me - 4\u00e8me - 3\u00e8me) - anketsa - j\u00e9suite - zezoita - sekoly - katolika - Antananarivo - Madagascar","breadcrumb":{"@id":"https:\/\/www.st-michel-amparibe.mg\/index.php\/anketsapremier-cycle\/#breadcrumb"},"inLanguage":"fr-CA","potentialAction":[{"@type":"ReadAction","target":["https:\/\/www.st-michel-amparibe.mg\/index.php\/anketsapremier-cycle\/"]}]},{"@type":"ImageObject","inLanguage":"fr-CA","@id":"https:\/\/www.st-michel-amparibe.mg\/index.php\/anketsapremier-cycle\/#primaryimage","url":"https:\/\/www.st-michel-amparibe.mg\/wp-content\/uploads\/2024\/05\/phanketsa-1-scaled.jpg","contentUrl":"https:\/\/www.st-michel-amparibe.mg\/wp-content\/uploads\/2024\/05\/phanketsa-1-scaled.jpg","width":2560,"height":1440},{"@type":"BreadcrumbList","@id":"https:\/\/www.st-michel-amparibe.mg\/index.php\/anketsapremier-cycle\/#breadcrumb","itemListElement":[{"@type":"ListItem","position":1,"name":"Accueil","item":"https:\/\/www.st-michel-amparibe.mg\/"},{"@type":"ListItem","position":2,"name":"ANKETSA (Premier Cycle)"}]},{"@type":"WebSite","@id":"https:\/\/www.st-michel-amparibe.mg\/#website","url":"https:\/\/www.st-michel-amparibe.mg\/","name":"St Michel amparibe","description":"Miorimpaka hanasoa olona.","publisher":{"@id":"https:\/\/www.st-michel-amparibe.mg\/#organization"},"potentialAction":[{"@type":"SearchAction","target":{"@type":"EntryPoint","urlTemplate":"https:\/\/www.st-michel-amparibe.mg\/?s={search_term_string}"},"query-input":{"@type":"PropertyValueSpecification","valueRequired":true,"valueName":"search_term_string"}}],"inLanguage":"fr-CA"},{"@type":"Organization","@id":"https:\/\/www.st-michel-amparibe.mg\/#organization","name":"St Michel amparibe","url":"https:\/\/www.st-michel-amparibe.mg\/","logo":{"@type":"ImageObject","inLanguage":"fr-CA","@id":"https:\/\/www.st-michel-amparibe.mg\/#\/schema\/logo\/image\/","url":"https:\/\/www.st-michel-amparibe.mg\/wp-content\/uploads\/2024\/06\/logo-st-michel.jpg","contentUrl":"https:\/\/www.st-michel-amparibe.mg\/wp-content\/uploads\/2024\/06\/logo-st-michel.jpg","width":1021,"height":1008,"caption":"St Michel amparibe"},"image":{"@id":"https:\/\/www.st-michel-amparibe.mg\/#\/schema\/logo\/image\/"}}]}},"_links":{"self":[{"href":"https:\/\/www.st-michel-amparibe.mg\/index.php\/wp-json\/wp\/v2\/pages\/149","targetHints":{"allow":["GET"]}}],"collection":[{"href":"https:\/\/www.st-michel-amparibe.mg\/index.php\/wp-json\/wp\/v2\/pages"}],"about":[{"href":"https:\/\/www.st-michel-amparibe.mg\/index.php\/wp-json\/wp\/v2\/types\/page"}],"author":[{"embeddable":true,"href":"https:\/\/www.st-michel-amparibe.mg\/index.php\/wp-json\/wp\/v2\/users\/1"}],"replies":[{"embeddable":true,"href":"https:\/\/www.st-michel-amparibe.mg\/index.php\/wp-json\/wp\/v2\/comments?post=149"}],"version-history":[{"count":44,"href":"https:\/\/www.st-michel-amparibe.mg\/index.php\/wp-json\/wp\/v2\/pages\/149\/revisions"}],"predecessor-version":[{"id":1868,"href":"https:\/\/www.st-michel-amparibe.mg\/index.php\/wp-json\/wp\/v2\/pages\/149\/revisions\/1868"}],"wp:attachment":[{"href":"https:\/\/www.st-michel-amparibe.mg\/index.php\/wp-json\/wp\/v2\/media?parent=149"}],"curies":[{"name":"wp","href":"https:\/\/api.w.org\/{rel}","templated":true}]}}