{"id":157,"date":"2024-05-02T14:18:25","date_gmt":"2024-05-02T14:18:25","guid":{"rendered":"https:\/\/www.st-michel-amparibe.mg\/?page_id=157"},"modified":"2024-07-12T08:30:17","modified_gmt":"2024-07-12T08:30:17","slug":"cantine","status":"publish","type":"page","link":"https:\/\/www.st-michel-amparibe.mg\/index.php\/cantine\/","title":{"rendered":"CANTINE"},"content":{"rendered":"\t\t<div data-elementor-type=\"wp-page\" data-elementor-id=\"157\" class=\"elementor elementor-157\" data-elementor-post-type=\"page\">\n\t\t\t\t<div class=\"elementor-element elementor-element-4004a20 animated-slow e-flex e-con-boxed elementor-invisible e-con e-parent\" data-id=\"4004a20\" data-element_type=\"container\" data-settings=\"{&quot;animation&quot;:&quot;fadeIn&quot;}\">\n\t\t\t\t\t<div class=\"e-con-inner\">\n\t\t\t\t<div class=\"elementor-element elementor-element-d7700e6 elementor-widget elementor-widget-image\" data-id=\"d7700e6\" data-element_type=\"widget\" data-widget_type=\"image.default\">\n\t\t\t\t<div class=\"elementor-widget-container\">\n\t\t\t\t\t\t\t\t\t\t\t\t\t\t\t<img fetchpriority=\"high\" decoding=\"async\" width=\"2560\" height=\"1299\" src=\"https:\/\/www.st-michel-amparibe.mg\/wp-content\/uploads\/2024\/07\/IMG_20240704_143951-scaled.jpg\" class=\"attachment-full size-full wp-image-1244\" alt=\"\" srcset=\"https:\/\/www.st-michel-amparibe.mg\/wp-content\/uploads\/2024\/07\/IMG_20240704_143951-scaled.jpg 2560w, https:\/\/www.st-michel-amparibe.mg\/wp-content\/uploads\/2024\/07\/IMG_20240704_143951-300x152.jpg 300w, https:\/\/www.st-michel-amparibe.mg\/wp-content\/uploads\/2024\/07\/IMG_20240704_143951-1024x519.jpg 1024w, https:\/\/www.st-michel-amparibe.mg\/wp-content\/uploads\/2024\/07\/IMG_20240704_143951-768x390.jpg 768w, https:\/\/www.st-michel-amparibe.mg\/wp-content\/uploads\/2024\/07\/IMG_20240704_143951-1536x779.jpg 1536w, https:\/\/www.st-michel-amparibe.mg\/wp-content\/uploads\/2024\/07\/IMG_20240704_143951-2048x1039.jpg 2048w\" sizes=\"(max-width: 2560px) 100vw, 2560px\" \/>\t\t\t\t\t\t\t\t\t\t\t\t\t\t\t<\/div>\n\t\t\t\t<\/div>\n\t\t\t\t\t<\/div>\n\t\t\t\t<\/div>\n\t\t<div class=\"elementor-element elementor-element-cf13368 e-flex e-con-boxed e-con e-parent\" data-id=\"cf13368\" data-element_type=\"container\">\n\t\t\t\t\t<div class=\"e-con-inner\">\n\t\t\t\t<div class=\"elementor-element elementor-element-50f8ed3 elementor-widget elementor-widget-heading\" data-id=\"50f8ed3\" data-element_type=\"widget\" data-widget_type=\"heading.default\">\n\t\t\t\t<div class=\"elementor-widget-container\">\n\t\t\t\t\t<h2 class=\"elementor-heading-title elementor-size-default\">CANTINE<\/h2>\t\t\t\t<\/div>\n\t\t\t\t<\/div>\n\t\t\t\t\t<\/div>\n\t\t\t\t<\/div>\n\t\t<div class=\"elementor-element elementor-element-7038e9f e-flex e-con-boxed e-con e-parent\" data-id=\"7038e9f\" data-element_type=\"container\">\n\t\t\t\t\t<div class=\"e-con-inner\">\n\t\t<div class=\"elementor-element elementor-element-4fdab9d e-con-full e-flex e-con e-child\" data-id=\"4fdab9d\" data-element_type=\"container\">\n\t\t\t\t<div class=\"elementor-element elementor-element-760ea31 elementor-widget elementor-widget-image\" data-id=\"760ea31\" data-element_type=\"widget\" data-widget_type=\"image.default\">\n\t\t\t\t<div class=\"elementor-widget-container\">\n\t\t\t\t\t\t\t\t\t\t\t\t\t\t\t<img decoding=\"async\" width=\"800\" height=\"600\" src=\"https:\/\/www.st-michel-amparibe.mg\/wp-content\/uploads\/2024\/05\/IMG-20240510-WA0010-1024x768.jpg\" class=\"attachment-large size-large wp-image-535\" alt=\"\" srcset=\"https:\/\/www.st-michel-amparibe.mg\/wp-content\/uploads\/2024\/05\/IMG-20240510-WA0010-1024x768.jpg 1024w, https:\/\/www.st-michel-amparibe.mg\/wp-content\/uploads\/2024\/05\/IMG-20240510-WA0010-300x225.jpg 300w, https:\/\/www.st-michel-amparibe.mg\/wp-content\/uploads\/2024\/05\/IMG-20240510-WA0010-768x576.jpg 768w, https:\/\/www.st-michel-amparibe.mg\/wp-content\/uploads\/2024\/05\/IMG-20240510-WA0010.jpg 1160w\" sizes=\"(max-width: 800px) 100vw, 800px\" \/>\t\t\t\t\t\t\t\t\t\t\t\t\t\t\t<\/div>\n\t\t\t\t<\/div>\n\t\t\t\t<\/div>\n\t\t<div class=\"elementor-element elementor-element-20e2fa3 e-con-full e-flex e-con e-child\" data-id=\"20e2fa3\" data-element_type=\"container\">\n\t\t\t\t<div class=\"elementor-element elementor-element-e49465f elementor-widget elementor-widget-text-editor\" data-id=\"e49465f\" data-element_type=\"widget\" data-widget_type=\"text-editor.default\">\n\t\t\t\t<div class=\"elementor-widget-container\">\n\t\t\t\t\t\t\t\t\t<p>Le <strong>Jacaranda<\/strong> est l&rsquo;endroit d\u00e9sign\u00e9 pour la cantine du coll\u00e8ge Saint Michel, en plus de g\u00e9rer la buvette et de pr\u00e9parer le d\u00eener ou le plat du jour pour les parents d&rsquo;\u00e9l\u00e8ves, les employ\u00e9s et les passants. L&rsquo;\u00e9quipe du Jacaranda se compose de 20 employ\u00e9s et d&rsquo;une s\u0153ur responsable.<\/p>\t\t\t\t\t\t\t\t<\/div>\n\t\t\t\t<\/div>\n\t\t\t\t<\/div>\n\t\t\t\t\t<\/div>\n\t\t\t\t<\/div>\n\t\t<div class=\"elementor-element elementor-element-999cac3 e-flex e-con-boxed e-con e-parent\" data-id=\"999cac3\" data-element_type=\"container\">\n\t\t\t\t\t<div class=\"e-con-inner\">\n\t\t\t\t<div class=\"elementor-element elementor-element-2dec337 elementor-widget elementor-widget-image\" data-id=\"2dec337\" data-element_type=\"widget\" data-widget_type=\"image.default\">\n\t\t\t\t<div class=\"elementor-widget-container\">\n\t\t\t\t\t\t\t\t\t\t\t\t\t\t\t<img decoding=\"async\" width=\"800\" height=\"600\" src=\"https:\/\/www.st-michel-amparibe.mg\/wp-content\/uploads\/2024\/05\/IMG-20240510-WA0010-1024x768.jpg\" class=\"attachment-large size-large wp-image-535\" alt=\"\" srcset=\"https:\/\/www.st-michel-amparibe.mg\/wp-content\/uploads\/2024\/05\/IMG-20240510-WA0010-1024x768.jpg 1024w, https:\/\/www.st-michel-amparibe.mg\/wp-content\/uploads\/2024\/05\/IMG-20240510-WA0010-300x225.jpg 300w, https:\/\/www.st-michel-amparibe.mg\/wp-content\/uploads\/2024\/05\/IMG-20240510-WA0010-768x576.jpg 768w, https:\/\/www.st-michel-amparibe.mg\/wp-content\/uploads\/2024\/05\/IMG-20240510-WA0010.jpg 1160w\" sizes=\"(max-width: 800px) 100vw, 800px\" \/>\t\t\t\t\t\t\t\t\t\t\t\t\t\t\t<\/div>\n\t\t\t\t<\/div>\n\t\t\t\t\t<\/div>\n\t\t\t\t<\/div>\n\t\t<div class=\"elementor-element elementor-element-ed26bc0 e-flex e-con-boxed e-con e-parent\" data-id=\"ed26bc0\" data-element_type=\"container\">\n\t\t\t\t\t<div class=\"e-con-inner\">\n\t\t\t\t<div class=\"elementor-element elementor-element-804d8f9 gallery-spacing-custom elementor-widget elementor-widget-image-gallery\" data-id=\"804d8f9\" data-element_type=\"widget\" data-widget_type=\"image-gallery.default\">\n\t\t\t\t<div class=\"elementor-widget-container\">\n\t\t\t\t\t\t\t<div class=\"elementor-image-gallery\">\n\t\t\t<div id='gallery-1' class='gallery galleryid-157 gallery-columns-6 gallery-size-thumbnail'><figure class='gallery-item'>\n\t\t\t<div class='gallery-icon landscape'>\n\t\t\t\t<a data-elementor-open-lightbox=\"yes\" data-elementor-lightbox-slideshow=\"804d8f9\" data-elementor-lightbox-title=\"IMG-20240510-WA0005\" data-e-action-hash=\"#elementor-action%3Aaction%3Dlightbox%26settings%3DeyJpZCI6NzE4LCJ1cmwiOiJodHRwczpcL1wvd3d3LnN0LW1pY2hlbC1hbXBhcmliZS5tZ1wvd3AtY29udGVudFwvdXBsb2Fkc1wvMjAyNFwvMDVcL0lNRy0yMDI0MDUxMC1XQTAwMDUuanBnIiwic2xpZGVzaG93IjoiODA0ZDhmOSJ9\" href='https:\/\/www.st-michel-amparibe.mg\/wp-content\/uploads\/2024\/05\/IMG-20240510-WA0005.jpg'><img decoding=\"async\" width=\"150\" height=\"150\" src=\"https:\/\/www.st-michel-amparibe.mg\/wp-content\/uploads\/2024\/05\/IMG-20240510-WA0005-150x150.jpg\" class=\"attachment-thumbnail size-thumbnail\" alt=\"\" \/><\/a>\n\t\t\t<\/div><\/figure><figure class='gallery-item'>\n\t\t\t<div class='gallery-icon landscape'>\n\t\t\t\t<a data-elementor-open-lightbox=\"yes\" data-elementor-lightbox-slideshow=\"804d8f9\" data-elementor-lightbox-title=\"IMG-20240528-WA0001\" data-e-action-hash=\"#elementor-action%3Aaction%3Dlightbox%26settings%3DeyJpZCI6NzE5LCJ1cmwiOiJodHRwczpcL1wvd3d3LnN0LW1pY2hlbC1hbXBhcmliZS5tZ1wvd3AtY29udGVudFwvdXBsb2Fkc1wvMjAyNFwvMDVcL0lNRy0yMDI0MDUyOC1XQTAwMDEuanBnIiwic2xpZGVzaG93IjoiODA0ZDhmOSJ9\" href='https:\/\/www.st-michel-amparibe.mg\/wp-content\/uploads\/2024\/05\/IMG-20240528-WA0001.jpg'><img loading=\"lazy\" decoding=\"async\" width=\"150\" height=\"150\" src=\"https:\/\/www.st-michel-amparibe.mg\/wp-content\/uploads\/2024\/05\/IMG-20240528-WA0001-150x150.jpg\" class=\"attachment-thumbnail size-thumbnail\" alt=\"\" \/><\/a>\n\t\t\t<\/div><\/figure><figure class='gallery-item'>\n\t\t\t<div class='gallery-icon landscape'>\n\t\t\t\t<a data-elementor-open-lightbox=\"yes\" data-elementor-lightbox-slideshow=\"804d8f9\" data-elementor-lightbox-title=\"IMG-20240528-WA0002\" data-e-action-hash=\"#elementor-action%3Aaction%3Dlightbox%26settings%3DeyJpZCI6NzIwLCJ1cmwiOiJodHRwczpcL1wvd3d3LnN0LW1pY2hlbC1hbXBhcmliZS5tZ1wvd3AtY29udGVudFwvdXBsb2Fkc1wvMjAyNFwvMDVcL0lNRy0yMDI0MDUyOC1XQTAwMDIuanBnIiwic2xpZGVzaG93IjoiODA0ZDhmOSJ9\" href='https:\/\/www.st-michel-amparibe.mg\/wp-content\/uploads\/2024\/05\/IMG-20240528-WA0002.jpg'><img loading=\"lazy\" decoding=\"async\" width=\"150\" height=\"150\" src=\"https:\/\/www.st-michel-amparibe.mg\/wp-content\/uploads\/2024\/05\/IMG-20240528-WA0002-150x150.jpg\" class=\"attachment-thumbnail size-thumbnail\" alt=\"\" \/><\/a>\n\t\t\t<\/div><\/figure><figure class='gallery-item'>\n\t\t\t<div class='gallery-icon landscape'>\n\t\t\t\t<a data-elementor-open-lightbox=\"yes\" data-elementor-lightbox-slideshow=\"804d8f9\" data-elementor-lightbox-title=\"IMG-20240528-WA0003\" data-e-action-hash=\"#elementor-action%3Aaction%3Dlightbox%26settings%3DeyJpZCI6NzIxLCJ1cmwiOiJodHRwczpcL1wvd3d3LnN0LW1pY2hlbC1hbXBhcmliZS5tZ1wvd3AtY29udGVudFwvdXBsb2Fkc1wvMjAyNFwvMDVcL0lNRy0yMDI0MDUyOC1XQTAwMDMtMS5qcGciLCJzbGlkZXNob3ciOiI4MDRkOGY5In0%3D\" href='https:\/\/www.st-michel-amparibe.mg\/wp-content\/uploads\/2024\/05\/IMG-20240528-WA0003-1.jpg'><img loading=\"lazy\" decoding=\"async\" width=\"150\" height=\"150\" src=\"https:\/\/www.st-michel-amparibe.mg\/wp-content\/uploads\/2024\/05\/IMG-20240528-WA0003-1-150x150.jpg\" class=\"attachment-thumbnail size-thumbnail\" alt=\"\" \/><\/a>\n\t\t\t<\/div><\/figure><figure class='gallery-item'>\n\t\t\t<div class='gallery-icon landscape'>\n\t\t\t\t<a data-elementor-open-lightbox=\"yes\" data-elementor-lightbox-slideshow=\"804d8f9\" data-elementor-lightbox-title=\"IMG-20240528-WA0008\" data-e-action-hash=\"#elementor-action%3Aaction%3Dlightbox%26settings%3DeyJpZCI6NzIzLCJ1cmwiOiJodHRwczpcL1wvd3d3LnN0LW1pY2hlbC1hbXBhcmliZS5tZ1wvd3AtY29udGVudFwvdXBsb2Fkc1wvMjAyNFwvMDVcL0lNRy0yMDI0MDUyOC1XQTAwMDguanBnIiwic2xpZGVzaG93IjoiODA0ZDhmOSJ9\" href='https:\/\/www.st-michel-amparibe.mg\/wp-content\/uploads\/2024\/05\/IMG-20240528-WA0008.jpg'><img loading=\"lazy\" decoding=\"async\" width=\"150\" height=\"150\" src=\"https:\/\/www.st-michel-amparibe.mg\/wp-content\/uploads\/2024\/05\/IMG-20240528-WA0008-150x150.jpg\" class=\"attachment-thumbnail size-thumbnail\" alt=\"\" \/><\/a>\n\t\t\t<\/div><\/figure><figure class='gallery-item'>\n\t\t\t<div class='gallery-icon landscape'>\n\t\t\t\t<a data-elementor-open-lightbox=\"yes\" data-elementor-lightbox-slideshow=\"804d8f9\" data-elementor-lightbox-title=\"IMG-20240528-WA0011\" data-e-action-hash=\"#elementor-action%3Aaction%3Dlightbox%26settings%3DeyJpZCI6NzI0LCJ1cmwiOiJodHRwczpcL1wvd3d3LnN0LW1pY2hlbC1hbXBhcmliZS5tZ1wvd3AtY29udGVudFwvdXBsb2Fkc1wvMjAyNFwvMDVcL0lNRy0yMDI0MDUyOC1XQTAwMTEuanBnIiwic2xpZGVzaG93IjoiODA0ZDhmOSJ9\" href='https:\/\/www.st-michel-amparibe.mg\/wp-content\/uploads\/2024\/05\/IMG-20240528-WA0011.jpg'><img loading=\"lazy\" decoding=\"async\" width=\"150\" height=\"150\" src=\"https:\/\/www.st-michel-amparibe.mg\/wp-content\/uploads\/2024\/05\/IMG-20240528-WA0011-150x150.jpg\" class=\"attachment-thumbnail size-thumbnail\" alt=\"\" \/><\/a>\n\t\t\t<\/div><\/figure><figure class='gallery-item'>\n\t\t\t<div class='gallery-icon portrait'>\n\t\t\t\t<a data-elementor-open-lightbox=\"yes\" data-elementor-lightbox-slideshow=\"804d8f9\" data-elementor-lightbox-title=\"IMG-20240528-WA0017\" data-e-action-hash=\"#elementor-action%3Aaction%3Dlightbox%26settings%3DeyJpZCI6NzI1LCJ1cmwiOiJodHRwczpcL1wvd3d3LnN0LW1pY2hlbC1hbXBhcmliZS5tZ1wvd3AtY29udGVudFwvdXBsb2Fkc1wvMjAyNFwvMDVcL0lNRy0yMDI0MDUyOC1XQTAwMTcuanBnIiwic2xpZGVzaG93IjoiODA0ZDhmOSJ9\" href='https:\/\/www.st-michel-amparibe.mg\/wp-content\/uploads\/2024\/05\/IMG-20240528-WA0017.jpg'><img loading=\"lazy\" decoding=\"async\" width=\"150\" height=\"150\" src=\"https:\/\/www.st-michel-amparibe.mg\/wp-content\/uploads\/2024\/05\/IMG-20240528-WA0017-150x150.jpg\" class=\"attachment-thumbnail size-thumbnail\" alt=\"\" \/><\/a>\n\t\t\t<\/div><\/figure><figure class='gallery-item'>\n\t\t\t<div class='gallery-icon landscape'>\n\t\t\t\t<a data-elementor-open-lightbox=\"yes\" data-elementor-lightbox-slideshow=\"804d8f9\" data-elementor-lightbox-title=\"IMG-20240528-WA0018\" data-e-action-hash=\"#elementor-action%3Aaction%3Dlightbox%26settings%3DeyJpZCI6NzI2LCJ1cmwiOiJodHRwczpcL1wvd3d3LnN0LW1pY2hlbC1hbXBhcmliZS5tZ1wvd3AtY29udGVudFwvdXBsb2Fkc1wvMjAyNFwvMDVcL0lNRy0yMDI0MDUyOC1XQTAwMTguanBnIiwic2xpZGVzaG93IjoiODA0ZDhmOSJ9\" href='https:\/\/www.st-michel-amparibe.mg\/wp-content\/uploads\/2024\/05\/IMG-20240528-WA0018.jpg'><img loading=\"lazy\" decoding=\"async\" width=\"150\" height=\"150\" src=\"https:\/\/www.st-michel-amparibe.mg\/wp-content\/uploads\/2024\/05\/IMG-20240528-WA0018-150x150.jpg\" class=\"attachment-thumbnail size-thumbnail\" alt=\"\" \/><\/a>\n\t\t\t<\/div><\/figure><figure class='gallery-item'>\n\t\t\t<div class='gallery-icon landscape'>\n\t\t\t\t<a data-elementor-open-lightbox=\"yes\" data-elementor-lightbox-slideshow=\"804d8f9\" data-elementor-lightbox-title=\"IMG-20240528-WA0022\" data-e-action-hash=\"#elementor-action%3Aaction%3Dlightbox%26settings%3DeyJpZCI6NzI3LCJ1cmwiOiJodHRwczpcL1wvd3d3LnN0LW1pY2hlbC1hbXBhcmliZS5tZ1wvd3AtY29udGVudFwvdXBsb2Fkc1wvMjAyNFwvMDVcL0lNRy0yMDI0MDUyOC1XQTAwMjIuanBnIiwic2xpZGVzaG93IjoiODA0ZDhmOSJ9\" href='https:\/\/www.st-michel-amparibe.mg\/wp-content\/uploads\/2024\/05\/IMG-20240528-WA0022.jpg'><img loading=\"lazy\" decoding=\"async\" width=\"150\" height=\"150\" src=\"https:\/\/www.st-michel-amparibe.mg\/wp-content\/uploads\/2024\/05\/IMG-20240528-WA0022-150x150.jpg\" class=\"attachment-thumbnail size-thumbnail\" alt=\"\" \/><\/a>\n\t\t\t<\/div><\/figure><figure class='gallery-item'>\n\t\t\t<div class='gallery-icon landscape'>\n\t\t\t\t<a data-elementor-open-lightbox=\"yes\" data-elementor-lightbox-slideshow=\"804d8f9\" data-elementor-lightbox-title=\"IMG-20240528-WA0024\" data-e-action-hash=\"#elementor-action%3Aaction%3Dlightbox%26settings%3DeyJpZCI6NzI4LCJ1cmwiOiJodHRwczpcL1wvd3d3LnN0LW1pY2hlbC1hbXBhcmliZS5tZ1wvd3AtY29udGVudFwvdXBsb2Fkc1wvMjAyNFwvMDVcL0lNRy0yMDI0MDUyOC1XQTAwMjQuanBnIiwic2xpZGVzaG93IjoiODA0ZDhmOSJ9\" href='https:\/\/www.st-michel-amparibe.mg\/wp-content\/uploads\/2024\/05\/IMG-20240528-WA0024.jpg'><img loading=\"lazy\" decoding=\"async\" width=\"150\" height=\"150\" src=\"https:\/\/www.st-michel-amparibe.mg\/wp-content\/uploads\/2024\/05\/IMG-20240528-WA0024-150x150.jpg\" class=\"attachment-thumbnail size-thumbnail\" alt=\"\" \/><\/a>\n\t\t\t<\/div><\/figure><figure class='gallery-item'>\n\t\t\t<div class='gallery-icon portrait'>\n\t\t\t\t<a data-elementor-open-lightbox=\"yes\" data-elementor-lightbox-slideshow=\"804d8f9\" data-elementor-lightbox-title=\"IMG-20240528-WA0026\" data-e-action-hash=\"#elementor-action%3Aaction%3Dlightbox%26settings%3DeyJpZCI6NzI5LCJ1cmwiOiJodHRwczpcL1wvd3d3LnN0LW1pY2hlbC1hbXBhcmliZS5tZ1wvd3AtY29udGVudFwvdXBsb2Fkc1wvMjAyNFwvMDVcL0lNRy0yMDI0MDUyOC1XQTAwMjYuanBnIiwic2xpZGVzaG93IjoiODA0ZDhmOSJ9\" href='https:\/\/www.st-michel-amparibe.mg\/wp-content\/uploads\/2024\/05\/IMG-20240528-WA0026.jpg'><img loading=\"lazy\" decoding=\"async\" width=\"150\" height=\"150\" src=\"https:\/\/www.st-michel-amparibe.mg\/wp-content\/uploads\/2024\/05\/IMG-20240528-WA0026-150x150.jpg\" class=\"attachment-thumbnail size-thumbnail\" alt=\"\" \/><\/a>\n\t\t\t<\/div><\/figure><figure class='gallery-item'>\n\t\t\t<div class='gallery-icon portrait'>\n\t\t\t\t<a data-elementor-open-lightbox=\"yes\" data-elementor-lightbox-slideshow=\"804d8f9\" data-elementor-lightbox-title=\"IMG-20240528-WA0028\" data-e-action-hash=\"#elementor-action%3Aaction%3Dlightbox%26settings%3DeyJpZCI6NzMwLCJ1cmwiOiJodHRwczpcL1wvd3d3LnN0LW1pY2hlbC1hbXBhcmliZS5tZ1wvd3AtY29udGVudFwvdXBsb2Fkc1wvMjAyNFwvMDVcL0lNRy0yMDI0MDUyOC1XQTAwMjguanBnIiwic2xpZGVzaG93IjoiODA0ZDhmOSJ9\" href='https:\/\/www.st-michel-amparibe.mg\/wp-content\/uploads\/2024\/05\/IMG-20240528-WA0028.jpg'><img loading=\"lazy\" decoding=\"async\" width=\"150\" height=\"150\" src=\"https:\/\/www.st-michel-amparibe.mg\/wp-content\/uploads\/2024\/05\/IMG-20240528-WA0028-150x150.jpg\" class=\"attachment-thumbnail size-thumbnail\" alt=\"\" \/><\/a>\n\t\t\t<\/div><\/figure>\n\t\t<\/div>\n\t\t<\/div>\n\t\t\t\t\t\t<\/div>\n\t\t\t\t<\/div>\n\t\t\t\t\t<\/div>\n\t\t\t\t<\/div>\n\t\t\t\t<\/div>\n\t\t","protected":false},"excerpt":{"rendered":"<p>CANTINE Le Jacaranda est l&rsquo;endroit d\u00e9sign\u00e9 pour la cantine du coll\u00e8ge Saint Michel, en plus de g\u00e9rer la buvette et de pr\u00e9parer le d\u00eener ou le plat du jour pour les parents d&rsquo;\u00e9l\u00e8ves, les employ\u00e9s et les passants. L&rsquo;\u00e9quipe du Jacaranda se compose de 20 employ\u00e9s et d&rsquo;une s\u0153ur responsable.<\/p>\n","protected":false},"author":1,"featured_media":0,"parent":0,"menu_order":0,"comment_status":"closed","ping_status":"closed","template":"elementor_theme","meta":{"footnotes":""},"class_list":["post-157","page","type-page","status-publish","hentry"],"yoast_head":"<!-- This site is optimized with the Yoast SEO plugin v26.6 - https:\/\/yoast.com\/wordpress\/plugins\/seo\/ -->\n<title>cantine scolaire - restauration - d\u00e9jeuner - st michel amparibe<\/title>\n<meta name=\"description\" content=\"st michel - cantine - scolaire - jacaranda - service - restauration - d\u00e9jeuner - menu - salle - amparibe - Antananarivo - Madagascar\" \/>\n<meta name=\"robots\" content=\"index, follow, max-snippet:-1, max-image-preview:large, max-video-preview:-1\" \/>\n<link rel=\"canonical\" href=\"https:\/\/www.st-michel-amparibe.mg\/index.php\/cantine\/\" \/>\n<meta property=\"og:locale\" content=\"fr_CA\" \/>\n<meta property=\"og:type\" content=\"article\" \/>\n<meta property=\"og:title\" content=\"cantine scolaire - restauration - d\u00e9jeuner - st michel amparibe\" \/>\n<meta property=\"og:description\" content=\"st michel - cantine - scolaire - jacaranda - service - restauration - d\u00e9jeuner - menu - salle - amparibe - Antananarivo - Madagascar\" \/>\n<meta property=\"og:url\" content=\"https:\/\/www.st-michel-amparibe.mg\/index.php\/cantine\/\" \/>\n<meta property=\"og:site_name\" content=\"St Michel\" \/>\n<meta property=\"article:modified_time\" content=\"2024-07-12T08:30:17+00:00\" \/>\n<meta property=\"og:image\" content=\"https:\/\/www.st-michel-amparibe.mg\/wp-content\/uploads\/2024\/07\/IMG_20240704_143951-scaled.jpg\" \/>\n<meta name=\"twitter:card\" content=\"summary_large_image\" \/>\n<meta name=\"twitter:label1\" content=\"Estimation du temps de lecture\" \/>\n\t<meta name=\"twitter:data1\" content=\"4 minutes\" \/>\n<script type=\"application\/ld+json\" class=\"yoast-schema-graph\">{\"@context\":\"https:\/\/schema.org\",\"@graph\":[{\"@type\":\"WebPage\",\"@id\":\"https:\/\/www.st-michel-amparibe.mg\/index.php\/cantine\/\",\"url\":\"https:\/\/www.st-michel-amparibe.mg\/index.php\/cantine\/\",\"name\":\"cantine scolaire - restauration - d\u00e9jeuner - st michel amparibe\",\"isPartOf\":{\"@id\":\"https:\/\/www.st-michel-amparibe.mg\/#website\"},\"primaryImageOfPage\":{\"@id\":\"https:\/\/www.st-michel-amparibe.mg\/index.php\/cantine\/#primaryimage\"},\"image\":{\"@id\":\"https:\/\/www.st-michel-amparibe.mg\/index.php\/cantine\/#primaryimage\"},\"thumbnailUrl\":\"https:\/\/www.st-michel-amparibe.mg\/wp-content\/uploads\/2024\/07\/IMG_20240704_143951-scaled.jpg\",\"datePublished\":\"2024-05-02T14:18:25+00:00\",\"dateModified\":\"2024-07-12T08:30:17+00:00\",\"description\":\"st michel - cantine - scolaire - jacaranda - service - restauration - d\u00e9jeuner - menu - salle - amparibe - Antananarivo - Madagascar\",\"breadcrumb\":{\"@id\":\"https:\/\/www.st-michel-amparibe.mg\/index.php\/cantine\/#breadcrumb\"},\"inLanguage\":\"fr-CA\",\"potentialAction\":[{\"@type\":\"ReadAction\",\"target\":[\"https:\/\/www.st-michel-amparibe.mg\/index.php\/cantine\/\"]}]},{\"@type\":\"ImageObject\",\"inLanguage\":\"fr-CA\",\"@id\":\"https:\/\/www.st-michel-amparibe.mg\/index.php\/cantine\/#primaryimage\",\"url\":\"https:\/\/www.st-michel-amparibe.mg\/wp-content\/uploads\/2024\/07\/IMG_20240704_143951-scaled.jpg\",\"contentUrl\":\"https:\/\/www.st-michel-amparibe.mg\/wp-content\/uploads\/2024\/07\/IMG_20240704_143951-scaled.jpg\",\"width\":2560,\"height\":1299},{\"@type\":\"BreadcrumbList\",\"@id\":\"https:\/\/www.st-michel-amparibe.mg\/index.php\/cantine\/#breadcrumb\",\"itemListElement\":[{\"@type\":\"ListItem\",\"position\":1,\"name\":\"Accueil\",\"item\":\"https:\/\/www.st-michel-amparibe.mg\/\"},{\"@type\":\"ListItem\",\"position\":2,\"name\":\"CANTINE\"}]},{\"@type\":\"WebSite\",\"@id\":\"https:\/\/www.st-michel-amparibe.mg\/#website\",\"url\":\"https:\/\/www.st-michel-amparibe.mg\/\",\"name\":\"St Michel amparibe\",\"description\":\"Miorimpaka hanasoa olona.\",\"publisher\":{\"@id\":\"https:\/\/www.st-michel-amparibe.mg\/#organization\"},\"potentialAction\":[{\"@type\":\"SearchAction\",\"target\":{\"@type\":\"EntryPoint\",\"urlTemplate\":\"https:\/\/www.st-michel-amparibe.mg\/?s={search_term_string}\"},\"query-input\":{\"@type\":\"PropertyValueSpecification\",\"valueRequired\":true,\"valueName\":\"search_term_string\"}}],\"inLanguage\":\"fr-CA\"},{\"@type\":\"Organization\",\"@id\":\"https:\/\/www.st-michel-amparibe.mg\/#organization\",\"name\":\"St Michel amparibe\",\"url\":\"https:\/\/www.st-michel-amparibe.mg\/\",\"logo\":{\"@type\":\"ImageObject\",\"inLanguage\":\"fr-CA\",\"@id\":\"https:\/\/www.st-michel-amparibe.mg\/#\/schema\/logo\/image\/\",\"url\":\"https:\/\/www.st-michel-amparibe.mg\/wp-content\/uploads\/2024\/06\/logo-st-michel.jpg\",\"contentUrl\":\"https:\/\/www.st-michel-amparibe.mg\/wp-content\/uploads\/2024\/06\/logo-st-michel.jpg\",\"width\":1021,\"height\":1008,\"caption\":\"St Michel amparibe\"},\"image\":{\"@id\":\"https:\/\/www.st-michel-amparibe.mg\/#\/schema\/logo\/image\/\"}}]}<\/script>\n<!-- \/ Yoast SEO plugin. -->","yoast_head_json":{"title":"cantine scolaire - restauration - d\u00e9jeuner - st michel amparibe","description":"st michel - cantine - scolaire - jacaranda - service - restauration - d\u00e9jeuner - menu - salle - amparibe - Antananarivo - Madagascar","robots":{"index":"index","follow":"follow","max-snippet":"max-snippet:-1","max-image-preview":"max-image-preview:large","max-video-preview":"max-video-preview:-1"},"canonical":"https:\/\/www.st-michel-amparibe.mg\/index.php\/cantine\/","og_locale":"fr_CA","og_type":"article","og_title":"cantine scolaire - restauration - d\u00e9jeuner - st michel amparibe","og_description":"st michel - cantine - scolaire - jacaranda - service - restauration - d\u00e9jeuner - menu - salle - amparibe - Antananarivo - Madagascar","og_url":"https:\/\/www.st-michel-amparibe.mg\/index.php\/cantine\/","og_site_name":"St Michel","article_modified_time":"2024-07-12T08:30:17+00:00","og_image":[{"url":"https:\/\/www.st-michel-amparibe.mg\/wp-content\/uploads\/2024\/07\/IMG_20240704_143951-scaled.jpg","type":"","width":"","height":""}],"twitter_card":"summary_large_image","twitter_misc":{"Estimation du temps de lecture":"4 minutes"},"schema":{"@context":"https:\/\/schema.org","@graph":[{"@type":"WebPage","@id":"https:\/\/www.st-michel-amparibe.mg\/index.php\/cantine\/","url":"https:\/\/www.st-michel-amparibe.mg\/index.php\/cantine\/","name":"cantine scolaire - restauration - d\u00e9jeuner - st michel amparibe","isPartOf":{"@id":"https:\/\/www.st-michel-amparibe.mg\/#website"},"primaryImageOfPage":{"@id":"https:\/\/www.st-michel-amparibe.mg\/index.php\/cantine\/#primaryimage"},"image":{"@id":"https:\/\/www.st-michel-amparibe.mg\/index.php\/cantine\/#primaryimage"},"thumbnailUrl":"https:\/\/www.st-michel-amparibe.mg\/wp-content\/uploads\/2024\/07\/IMG_20240704_143951-scaled.jpg","datePublished":"2024-05-02T14:18:25+00:00","dateModified":"2024-07-12T08:30:17+00:00","description":"st michel - cantine - scolaire - jacaranda - service - restauration - d\u00e9jeuner - menu - salle - amparibe - Antananarivo - Madagascar","breadcrumb":{"@id":"https:\/\/www.st-michel-amparibe.mg\/index.php\/cantine\/#breadcrumb"},"inLanguage":"fr-CA","potentialAction":[{"@type":"ReadAction","target":["https:\/\/www.st-michel-amparibe.mg\/index.php\/cantine\/"]}]},{"@type":"ImageObject","inLanguage":"fr-CA","@id":"https:\/\/www.st-michel-amparibe.mg\/index.php\/cantine\/#primaryimage","url":"https:\/\/www.st-michel-amparibe.mg\/wp-content\/uploads\/2024\/07\/IMG_20240704_143951-scaled.jpg","contentUrl":"https:\/\/www.st-michel-amparibe.mg\/wp-content\/uploads\/2024\/07\/IMG_20240704_143951-scaled.jpg","width":2560,"height":1299},{"@type":"BreadcrumbList","@id":"https:\/\/www.st-michel-amparibe.mg\/index.php\/cantine\/#breadcrumb","itemListElement":[{"@type":"ListItem","position":1,"name":"Accueil","item":"https:\/\/www.st-michel-amparibe.mg\/"},{"@type":"ListItem","position":2,"name":"CANTINE"}]},{"@type":"WebSite","@id":"https:\/\/www.st-michel-amparibe.mg\/#website","url":"https:\/\/www.st-michel-amparibe.mg\/","name":"St Michel amparibe","description":"Miorimpaka hanasoa olona.","publisher":{"@id":"https:\/\/www.st-michel-amparibe.mg\/#organization"},"potentialAction":[{"@type":"SearchAction","target":{"@type":"EntryPoint","urlTemplate":"https:\/\/www.st-michel-amparibe.mg\/?s={search_term_string}"},"query-input":{"@type":"PropertyValueSpecification","valueRequired":true,"valueName":"search_term_string"}}],"inLanguage":"fr-CA"},{"@type":"Organization","@id":"https:\/\/www.st-michel-amparibe.mg\/#organization","name":"St Michel amparibe","url":"https:\/\/www.st-michel-amparibe.mg\/","logo":{"@type":"ImageObject","inLanguage":"fr-CA","@id":"https:\/\/www.st-michel-amparibe.mg\/#\/schema\/logo\/image\/","url":"https:\/\/www.st-michel-amparibe.mg\/wp-content\/uploads\/2024\/06\/logo-st-michel.jpg","contentUrl":"https:\/\/www.st-michel-amparibe.mg\/wp-content\/uploads\/2024\/06\/logo-st-michel.jpg","width":1021,"height":1008,"caption":"St Michel amparibe"},"image":{"@id":"https:\/\/www.st-michel-amparibe.mg\/#\/schema\/logo\/image\/"}}]}},"_links":{"self":[{"href":"https:\/\/www.st-michel-amparibe.mg\/index.php\/wp-json\/wp\/v2\/pages\/157","targetHints":{"allow":["GET"]}}],"collection":[{"href":"https:\/\/www.st-michel-amparibe.mg\/index.php\/wp-json\/wp\/v2\/pages"}],"about":[{"href":"https:\/\/www.st-michel-amparibe.mg\/index.php\/wp-json\/wp\/v2\/types\/page"}],"author":[{"embeddable":true,"href":"https:\/\/www.st-michel-amparibe.mg\/index.php\/wp-json\/wp\/v2\/users\/1"}],"replies":[{"embeddable":true,"href":"https:\/\/www.st-michel-amparibe.mg\/index.php\/wp-json\/wp\/v2\/comments?post=157"}],"version-history":[{"count":34,"href":"https:\/\/www.st-michel-amparibe.mg\/index.php\/wp-json\/wp\/v2\/pages\/157\/revisions"}],"predecessor-version":[{"id":1247,"href":"https:\/\/www.st-michel-amparibe.mg\/index.php\/wp-json\/wp\/v2\/pages\/157\/revisions\/1247"}],"wp:attachment":[{"href":"https:\/\/www.st-michel-amparibe.mg\/index.php\/wp-json\/wp\/v2\/media?parent=157"}],"curies":[{"name":"wp","href":"https:\/\/api.w.org\/{rel}","templated":true}]}}