{"id":159,"date":"2024-05-02T14:18:59","date_gmt":"2024-05-02T14:18:59","guid":{"rendered":"https:\/\/www.st-michel-amparibe.mg\/?page_id=159"},"modified":"2024-07-15T12:09:13","modified_gmt":"2024-07-15T09:09:13","slug":"tetiharana","status":"publish","type":"page","link":"https:\/\/www.st-michel-amparibe.mg\/index.php\/tetiharana\/","title":{"rendered":"TETIHARANA"},"content":{"rendered":"\t\t<div data-elementor-type=\"wp-page\" data-elementor-id=\"159\" class=\"elementor elementor-159\" data-elementor-post-type=\"page\">\n\t\t\t\t<div class=\"elementor-element elementor-element-4004a20 animated-slow e-flex e-con-boxed elementor-invisible e-con e-parent\" data-id=\"4004a20\" data-element_type=\"container\" data-settings=\"{&quot;animation&quot;:&quot;fadeIn&quot;}\">\n\t\t\t\t\t<div class=\"e-con-inner\">\n\t\t\t\t<div class=\"elementor-element elementor-element-d7700e6 elementor-widget elementor-widget-image\" data-id=\"d7700e6\" data-element_type=\"widget\" data-widget_type=\"image.default\">\n\t\t\t\t<div class=\"elementor-widget-container\">\n\t\t\t\t\t\t\t\t\t\t\t\t\t\t\t<img fetchpriority=\"high\" decoding=\"async\" width=\"2000\" height=\"792\" src=\"https:\/\/www.st-michel-amparibe.mg\/wp-content\/uploads\/2024\/05\/home2.jpg\" class=\"attachment-full size-full wp-image-132\" alt=\"\" srcset=\"https:\/\/www.st-michel-amparibe.mg\/wp-content\/uploads\/2024\/05\/home2.jpg 2000w, https:\/\/www.st-michel-amparibe.mg\/wp-content\/uploads\/2024\/05\/home2-300x119.jpg 300w, https:\/\/www.st-michel-amparibe.mg\/wp-content\/uploads\/2024\/05\/home2-1024x406.jpg 1024w, https:\/\/www.st-michel-amparibe.mg\/wp-content\/uploads\/2024\/05\/home2-768x304.jpg 768w, https:\/\/www.st-michel-amparibe.mg\/wp-content\/uploads\/2024\/05\/home2-1536x608.jpg 1536w\" sizes=\"(max-width: 2000px) 100vw, 2000px\" \/>\t\t\t\t\t\t\t\t\t\t\t\t\t\t\t<\/div>\n\t\t\t\t<\/div>\n\t\t\t\t\t<\/div>\n\t\t\t\t<\/div>\n\t\t<div class=\"elementor-element elementor-element-cf13368 animated-slow e-flex e-con-boxed elementor-invisible e-con e-parent\" data-id=\"cf13368\" data-element_type=\"container\" data-settings=\"{&quot;animation&quot;:&quot;fadeIn&quot;}\">\n\t\t\t\t\t<div class=\"e-con-inner\">\n\t\t\t\t<div class=\"elementor-element elementor-element-50f8ed3 elementor-widget elementor-widget-heading\" data-id=\"50f8ed3\" data-element_type=\"widget\" data-widget_type=\"heading.default\">\n\t\t\t\t<div class=\"elementor-widget-container\">\n\t\t\t\t\t<h2 class=\"elementor-heading-title elementor-size-default\">TETIHARANA<\/h2>\t\t\t\t<\/div>\n\t\t\t\t<\/div>\n\t\t\t\t\t<\/div>\n\t\t\t\t<\/div>\n\t\t<div class=\"elementor-element elementor-element-cfaccbc e-flex e-con-boxed e-con e-parent\" data-id=\"cfaccbc\" data-element_type=\"container\">\n\t\t\t\t\t<div class=\"e-con-inner\">\n\t\t\t\t<div class=\"elementor-element elementor-element-d004549 elementor-widget elementor-widget-text-editor\" data-id=\"d004549\" data-element_type=\"widget\" data-widget_type=\"text-editor.default\">\n\t\t\t\t<div class=\"elementor-widget-container\">\n\t\t\t\t\t\t\t\t\t<p>Ny <b>TETIHARANA <\/b>dia entina indrindra tsy hanadinoina na hampatsiahivana sy hitantarana ny ireo R\u00e9v\u00e9rend P\u00e8re J\u00e9suites izay nifandimby nitondra sy hitondra eto amin&rsquo;ny Kolejy, ahitana ny daty sy ny fotoana ny amin&rsquo;ny zava-niseho teto amin&rsquo;ny Kolejy sy ny firenena. Entina hitantarana ny zava-bita sy nitsangana nataon&rsquo;ireo mpitantana teto amin&rsquo;ny Kolejy. Ny fivoaran&rsquo;ny isan&rsquo;ny ireo mpianatra nandalo nobeazina teto.<\/p>\t\t\t\t\t\t\t\t<\/div>\n\t\t\t\t<\/div>\n\t\t\t\t\t<\/div>\n\t\t\t\t<\/div>\n\t\t<div class=\"elementor-element elementor-element-17b4ece animated-slow e-flex e-con-boxed elementor-invisible e-con e-parent\" data-id=\"17b4ece\" data-element_type=\"container\" data-settings=\"{&quot;animation&quot;:&quot;fadeIn&quot;}\">\n\t\t\t\t\t<div class=\"e-con-inner\">\n\t\t\t\t<div class=\"elementor-element elementor-element-4e6a9ea elementor-widget elementor-widget-image-gallery\" data-id=\"4e6a9ea\" data-element_type=\"widget\" data-widget_type=\"image-gallery.default\">\n\t\t\t\t<div class=\"elementor-widget-container\">\n\t\t\t\t\t\t\t<div class=\"elementor-image-gallery\">\n\t\t\t<div id='gallery-1' class='gallery galleryid-159 gallery-columns-6 gallery-size-thumbnail'><figure class='gallery-item'>\n\t\t\t<div class='gallery-icon landscape'>\n\t\t\t\t<a data-elementor-open-lightbox=\"yes\" data-elementor-lightbox-slideshow=\"4e6a9ea\" data-elementor-lightbox-title=\"tetiharana 1888-1905\" data-e-action-hash=\"#elementor-action%3Aaction%3Dlightbox%26settings%3DeyJpZCI6MTIwOCwidXJsIjoiaHR0cHM6XC9cL3d3dy5zdC1taWNoZWwtYW1wYXJpYmUubWdcL3dwLWNvbnRlbnRcL3VwbG9hZHNcLzIwMjRcLzA3XC90ZXRpaGFyYW5hLTE4ODgtMTkwNS0xLXNjYWxlZC5qcGciLCJzbGlkZXNob3ciOiI0ZTZhOWVhIn0%3D\" href='https:\/\/www.st-michel-amparibe.mg\/wp-content\/uploads\/2024\/07\/tetiharana-1888-1905-1-scaled.jpg'><img decoding=\"async\" width=\"150\" height=\"150\" src=\"https:\/\/www.st-michel-amparibe.mg\/wp-content\/uploads\/2024\/07\/tetiharana-1888-1905-1-150x150.jpg\" class=\"attachment-thumbnail size-thumbnail\" alt=\"\" aria-describedby=\"gallery-1-1208\" \/><\/a>\n\t\t\t<\/div>\n\t\t\t\t<figcaption class='wp-caption-text gallery-caption' id='gallery-1-1208'>\n\t\t\t\tTetiharana 1888-1905\n\t\t\t\t<\/figcaption><\/figure><figure class='gallery-item'>\n\t\t\t<div class='gallery-icon landscape'>\n\t\t\t\t<a data-elementor-open-lightbox=\"yes\" data-elementor-lightbox-slideshow=\"4e6a9ea\" data-elementor-lightbox-title=\"tetiharana 1906-1923\" data-e-action-hash=\"#elementor-action%3Aaction%3Dlightbox%26settings%3DeyJpZCI6MTIwOSwidXJsIjoiaHR0cHM6XC9cL3d3dy5zdC1taWNoZWwtYW1wYXJpYmUubWdcL3dwLWNvbnRlbnRcL3VwbG9hZHNcLzIwMjRcLzA3XC90ZXRpaGFyYW5hLTE5MDYtMTkyMy1zY2FsZWQuanBnIiwic2xpZGVzaG93IjoiNGU2YTllYSJ9\" href='https:\/\/www.st-michel-amparibe.mg\/wp-content\/uploads\/2024\/07\/tetiharana-1906-1923-scaled.jpg'><img decoding=\"async\" width=\"150\" height=\"150\" src=\"https:\/\/www.st-michel-amparibe.mg\/wp-content\/uploads\/2024\/07\/tetiharana-1906-1923-150x150.jpg\" class=\"attachment-thumbnail size-thumbnail\" alt=\"\" aria-describedby=\"gallery-1-1209\" \/><\/a>\n\t\t\t<\/div>\n\t\t\t\t<figcaption class='wp-caption-text gallery-caption' id='gallery-1-1209'>\n\t\t\t\tTetiharana 1906-1923\n\t\t\t\t<\/figcaption><\/figure><figure class='gallery-item'>\n\t\t\t<div class='gallery-icon landscape'>\n\t\t\t\t<a data-elementor-open-lightbox=\"yes\" data-elementor-lightbox-slideshow=\"4e6a9ea\" data-elementor-lightbox-title=\"tetiharana 1924-1941\" data-e-action-hash=\"#elementor-action%3Aaction%3Dlightbox%26settings%3DeyJpZCI6MTIxMCwidXJsIjoiaHR0cHM6XC9cL3d3dy5zdC1taWNoZWwtYW1wYXJpYmUubWdcL3dwLWNvbnRlbnRcL3VwbG9hZHNcLzIwMjRcLzA3XC90ZXRpaGFyYW5hLTE5MjQtMTk0MS1zY2FsZWQuanBnIiwic2xpZGVzaG93IjoiNGU2YTllYSJ9\" href='https:\/\/www.st-michel-amparibe.mg\/wp-content\/uploads\/2024\/07\/tetiharana-1924-1941-scaled.jpg'><img loading=\"lazy\" decoding=\"async\" width=\"150\" height=\"150\" src=\"https:\/\/www.st-michel-amparibe.mg\/wp-content\/uploads\/2024\/07\/tetiharana-1924-1941-150x150.jpg\" class=\"attachment-thumbnail size-thumbnail\" alt=\"\" aria-describedby=\"gallery-1-1210\" \/><\/a>\n\t\t\t<\/div>\n\t\t\t\t<figcaption class='wp-caption-text gallery-caption' id='gallery-1-1210'>\n\t\t\t\tTetiharana 1924-1941\n\t\t\t\t<\/figcaption><\/figure><figure class='gallery-item'>\n\t\t\t<div class='gallery-icon landscape'>\n\t\t\t\t<a data-elementor-open-lightbox=\"yes\" data-elementor-lightbox-slideshow=\"4e6a9ea\" data-elementor-lightbox-title=\"tetiharana 1942-1959\" data-e-action-hash=\"#elementor-action%3Aaction%3Dlightbox%26settings%3DeyJpZCI6MTIxMSwidXJsIjoiaHR0cHM6XC9cL3d3dy5zdC1taWNoZWwtYW1wYXJpYmUubWdcL3dwLWNvbnRlbnRcL3VwbG9hZHNcLzIwMjRcLzA3XC90ZXRpaGFyYW5hLTE5NDItMTk1OS1zY2FsZWQuanBnIiwic2xpZGVzaG93IjoiNGU2YTllYSJ9\" href='https:\/\/www.st-michel-amparibe.mg\/wp-content\/uploads\/2024\/07\/tetiharana-1942-1959-scaled.jpg'><img loading=\"lazy\" decoding=\"async\" width=\"150\" height=\"150\" src=\"https:\/\/www.st-michel-amparibe.mg\/wp-content\/uploads\/2024\/07\/tetiharana-1942-1959-150x150.jpg\" class=\"attachment-thumbnail size-thumbnail\" alt=\"\" aria-describedby=\"gallery-1-1211\" \/><\/a>\n\t\t\t<\/div>\n\t\t\t\t<figcaption class='wp-caption-text gallery-caption' id='gallery-1-1211'>\n\t\t\t\tTetiharana 1942-1959\n\t\t\t\t<\/figcaption><\/figure><figure class='gallery-item'>\n\t\t\t<div class='gallery-icon landscape'>\n\t\t\t\t<a data-elementor-open-lightbox=\"yes\" data-elementor-lightbox-slideshow=\"4e6a9ea\" data-elementor-lightbox-title=\"tetiharana 1960-1977\" data-e-action-hash=\"#elementor-action%3Aaction%3Dlightbox%26settings%3DeyJpZCI6MTIxMiwidXJsIjoiaHR0cHM6XC9cL3d3dy5zdC1taWNoZWwtYW1wYXJpYmUubWdcL3dwLWNvbnRlbnRcL3VwbG9hZHNcLzIwMjRcLzA3XC90ZXRpaGFyYW5hLTE5NjAtMTk3Ny1zY2FsZWQuanBnIiwic2xpZGVzaG93IjoiNGU2YTllYSJ9\" href='https:\/\/www.st-michel-amparibe.mg\/wp-content\/uploads\/2024\/07\/tetiharana-1960-1977-scaled.jpg'><img loading=\"lazy\" decoding=\"async\" width=\"150\" height=\"150\" src=\"https:\/\/www.st-michel-amparibe.mg\/wp-content\/uploads\/2024\/07\/tetiharana-1960-1977-150x150.jpg\" class=\"attachment-thumbnail size-thumbnail\" alt=\"\" aria-describedby=\"gallery-1-1212\" \/><\/a>\n\t\t\t<\/div>\n\t\t\t\t<figcaption class='wp-caption-text gallery-caption' id='gallery-1-1212'>\n\t\t\t\tTetiharana 1960-1977\n\t\t\t\t<\/figcaption><\/figure><figure class='gallery-item'>\n\t\t\t<div class='gallery-icon landscape'>\n\t\t\t\t<a data-elementor-open-lightbox=\"yes\" data-elementor-lightbox-slideshow=\"4e6a9ea\" data-elementor-lightbox-title=\"tetiharana 1978-1995\" data-e-action-hash=\"#elementor-action%3Aaction%3Dlightbox%26settings%3DeyJpZCI6MTIxMywidXJsIjoiaHR0cHM6XC9cL3d3dy5zdC1taWNoZWwtYW1wYXJpYmUubWdcL3dwLWNvbnRlbnRcL3VwbG9hZHNcLzIwMjRcLzA3XC90ZXRpaGFyYW5hLTE5NzgtMTk5NS1zY2FsZWQuanBnIiwic2xpZGVzaG93IjoiNGU2YTllYSJ9\" href='https:\/\/www.st-michel-amparibe.mg\/wp-content\/uploads\/2024\/07\/tetiharana-1978-1995-scaled.jpg'><img loading=\"lazy\" decoding=\"async\" width=\"150\" height=\"150\" src=\"https:\/\/www.st-michel-amparibe.mg\/wp-content\/uploads\/2024\/07\/tetiharana-1978-1995-150x150.jpg\" class=\"attachment-thumbnail size-thumbnail\" alt=\"\" aria-describedby=\"gallery-1-1213\" \/><\/a>\n\t\t\t<\/div>\n\t\t\t\t<figcaption class='wp-caption-text gallery-caption' id='gallery-1-1213'>\n\t\t\t\tTetiharana 1978-1995\n\t\t\t\t<\/figcaption><\/figure><figure class='gallery-item'>\n\t\t\t<div class='gallery-icon landscape'>\n\t\t\t\t<a data-elementor-open-lightbox=\"yes\" data-elementor-lightbox-slideshow=\"4e6a9ea\" data-elementor-lightbox-title=\"tetiharana 1996-2013\" data-e-action-hash=\"#elementor-action%3Aaction%3Dlightbox%26settings%3DeyJpZCI6MTIxNCwidXJsIjoiaHR0cHM6XC9cL3d3dy5zdC1taWNoZWwtYW1wYXJpYmUubWdcL3dwLWNvbnRlbnRcL3VwbG9hZHNcLzIwMjRcLzA3XC90ZXRpaGFyYW5hLTE5OTYtMjAxMy1zY2FsZWQuanBnIiwic2xpZGVzaG93IjoiNGU2YTllYSJ9\" href='https:\/\/www.st-michel-amparibe.mg\/wp-content\/uploads\/2024\/07\/tetiharana-1996-2013-scaled.jpg'><img loading=\"lazy\" decoding=\"async\" width=\"150\" height=\"150\" src=\"https:\/\/www.st-michel-amparibe.mg\/wp-content\/uploads\/2024\/07\/tetiharana-1996-2013-150x150.jpg\" class=\"attachment-thumbnail size-thumbnail\" alt=\"\" aria-describedby=\"gallery-1-1214\" \/><\/a>\n\t\t\t<\/div>\n\t\t\t\t<figcaption class='wp-caption-text gallery-caption' id='gallery-1-1214'>\n\t\t\t\tTetiharana 1996-2013\n\t\t\t\t<\/figcaption><\/figure><figure class='gallery-item'>\n\t\t\t<div class='gallery-icon landscape'>\n\t\t\t\t<a data-elementor-open-lightbox=\"yes\" data-elementor-lightbox-slideshow=\"4e6a9ea\" data-elementor-lightbox-title=\"tetiharana 2014-2023\" data-e-action-hash=\"#elementor-action%3Aaction%3Dlightbox%26settings%3DeyJpZCI6MTIxNSwidXJsIjoiaHR0cHM6XC9cL3d3dy5zdC1taWNoZWwtYW1wYXJpYmUubWdcL3dwLWNvbnRlbnRcL3VwbG9hZHNcLzIwMjRcLzA3XC90ZXRpaGFyYW5hLTIwMTQtMjAyMy5qcGciLCJzbGlkZXNob3ciOiI0ZTZhOWVhIn0%3D\" href='https:\/\/www.st-michel-amparibe.mg\/wp-content\/uploads\/2024\/07\/tetiharana-2014-2023.jpg'><img loading=\"lazy\" decoding=\"async\" width=\"150\" height=\"150\" src=\"https:\/\/www.st-michel-amparibe.mg\/wp-content\/uploads\/2024\/07\/tetiharana-2014-2023-150x150.jpg\" class=\"attachment-thumbnail size-thumbnail\" alt=\"\" aria-describedby=\"gallery-1-1215\" \/><\/a>\n\t\t\t<\/div>\n\t\t\t\t<figcaption class='wp-caption-text gallery-caption' id='gallery-1-1215'>\n\t\t\t\tTetiharana 2014-2023\n\t\t\t\t<\/figcaption><\/figure><figure class='gallery-item'>\n\t\t\t<div class='gallery-icon landscape'>\n\t\t\t\t<a data-elementor-open-lightbox=\"yes\" data-elementor-lightbox-slideshow=\"4e6a9ea\" data-elementor-lightbox-title=\"tetiharana 2024-2031\" data-e-action-hash=\"#elementor-action%3Aaction%3Dlightbox%26settings%3DeyJpZCI6MTIwNSwidXJsIjoiaHR0cHM6XC9cL3d3dy5zdC1taWNoZWwtYW1wYXJpYmUubWdcL3dwLWNvbnRlbnRcL3VwbG9hZHNcLzIwMjRcLzA3XC90ZXRpaGFyYW5hLTIwMjQtMjAzMS5qcGciLCJzbGlkZXNob3ciOiI0ZTZhOWVhIn0%3D\" href='https:\/\/www.st-michel-amparibe.mg\/wp-content\/uploads\/2024\/07\/tetiharana-2024-2031.jpg'><img loading=\"lazy\" decoding=\"async\" width=\"150\" height=\"150\" src=\"https:\/\/www.st-michel-amparibe.mg\/wp-content\/uploads\/2024\/07\/tetiharana-2024-2031-150x150.jpg\" class=\"attachment-thumbnail size-thumbnail\" alt=\"\" aria-describedby=\"gallery-1-1205\" \/><\/a>\n\t\t\t<\/div>\n\t\t\t\t<figcaption class='wp-caption-text gallery-caption' id='gallery-1-1205'>\n\t\t\t\tTetiharana 2024-2031\n\t\t\t\t<\/figcaption><\/figure>\n\t\t<\/div>\n\t\t<\/div>\n\t\t\t\t\t\t<\/div>\n\t\t\t\t<\/div>\n\t\t\t\t\t<\/div>\n\t\t\t\t<\/div>\n\t\t\t\t<\/div>\n\t\t","protected":false},"excerpt":{"rendered":"<p>TETIHARANA Ny TETIHARANA dia entina indrindra tsy hanadinoina na hampatsiahivana sy hitantarana ny ireo R\u00e9v\u00e9rend P\u00e8re J\u00e9suites izay nifandimby nitondra sy hitondra eto amin&rsquo;ny Kolejy, ahitana ny daty sy ny fotoana ny amin&rsquo;ny zava-niseho teto amin&rsquo;ny Kolejy sy ny firenena. Entina hitantarana ny zava-bita sy nitsangana nataon&rsquo;ireo mpitantana teto amin&rsquo;ny Kolejy. Ny fivoaran&rsquo;ny isan&rsquo;ny ireo [&hellip;]<\/p>\n","protected":false},"author":1,"featured_media":0,"parent":0,"menu_order":0,"comment_status":"closed","ping_status":"closed","template":"elementor_theme","meta":{"footnotes":""},"class_list":["post-159","page","type-page","status-publish","hentry"],"yoast_head":"<!-- This site is optimized with the Yoast SEO plugin v26.6 - https:\/\/yoast.com\/wordpress\/plugins\/seo\/ -->\n<title>\u00e9cole priv\u00e9e catholique - Enseignement primaire \u00e0 terminal<\/title>\n<meta name=\"description\" content=\"st michel - etablissement technique sup\u00e9rieur - j\u00e9suite - universit\u00e9 - universitaire - sekoly - catholique - \u00e9cole sup\u00e9rieur - Madagascar\" \/>\n<meta name=\"robots\" content=\"index, follow, max-snippet:-1, max-image-preview:large, max-video-preview:-1\" \/>\n<link rel=\"canonical\" href=\"https:\/\/www.st-michel-amparibe.mg\/index.php\/tetiharana\/\" \/>\n<meta property=\"og:locale\" content=\"fr_CA\" \/>\n<meta property=\"og:type\" content=\"article\" \/>\n<meta property=\"og:title\" content=\"\u00e9cole priv\u00e9e catholique - Enseignement primaire \u00e0 terminal\" \/>\n<meta property=\"og:description\" content=\"st michel - etablissement technique sup\u00e9rieur - j\u00e9suite - universit\u00e9 - universitaire - sekoly - catholique - \u00e9cole sup\u00e9rieur - Madagascar\" \/>\n<meta property=\"og:url\" content=\"https:\/\/www.st-michel-amparibe.mg\/index.php\/tetiharana\/\" \/>\n<meta property=\"og:site_name\" content=\"St Michel\" \/>\n<meta property=\"article:modified_time\" content=\"2024-07-15T09:09:13+00:00\" \/>\n<meta property=\"og:image\" content=\"https:\/\/www.st-michel-amparibe.mg\/wp-content\/uploads\/2024\/05\/home2.jpg\" \/>\n<meta name=\"twitter:card\" content=\"summary_large_image\" \/>\n<meta name=\"twitter:label1\" content=\"Estimation du temps de lecture\" \/>\n\t<meta name=\"twitter:data1\" content=\"3 minutes\" \/>\n<script type=\"application\/ld+json\" class=\"yoast-schema-graph\">{\"@context\":\"https:\/\/schema.org\",\"@graph\":[{\"@type\":\"WebPage\",\"@id\":\"https:\/\/www.st-michel-amparibe.mg\/index.php\/tetiharana\/\",\"url\":\"https:\/\/www.st-michel-amparibe.mg\/index.php\/tetiharana\/\",\"name\":\"\u00e9cole priv\u00e9e catholique - Enseignement primaire \u00e0 terminal\",\"isPartOf\":{\"@id\":\"https:\/\/www.st-michel-amparibe.mg\/#website\"},\"primaryImageOfPage\":{\"@id\":\"https:\/\/www.st-michel-amparibe.mg\/index.php\/tetiharana\/#primaryimage\"},\"image\":{\"@id\":\"https:\/\/www.st-michel-amparibe.mg\/index.php\/tetiharana\/#primaryimage\"},\"thumbnailUrl\":\"https:\/\/www.st-michel-amparibe.mg\/wp-content\/uploads\/2024\/05\/home2.jpg\",\"datePublished\":\"2024-05-02T14:18:59+00:00\",\"dateModified\":\"2024-07-15T09:09:13+00:00\",\"description\":\"st michel - etablissement technique sup\u00e9rieur - j\u00e9suite - universit\u00e9 - universitaire - sekoly - catholique - \u00e9cole sup\u00e9rieur - Madagascar\",\"breadcrumb\":{\"@id\":\"https:\/\/www.st-michel-amparibe.mg\/index.php\/tetiharana\/#breadcrumb\"},\"inLanguage\":\"fr-CA\",\"potentialAction\":[{\"@type\":\"ReadAction\",\"target\":[\"https:\/\/www.st-michel-amparibe.mg\/index.php\/tetiharana\/\"]}]},{\"@type\":\"ImageObject\",\"inLanguage\":\"fr-CA\",\"@id\":\"https:\/\/www.st-michel-amparibe.mg\/index.php\/tetiharana\/#primaryimage\",\"url\":\"https:\/\/www.st-michel-amparibe.mg\/wp-content\/uploads\/2024\/05\/home2.jpg\",\"contentUrl\":\"https:\/\/www.st-michel-amparibe.mg\/wp-content\/uploads\/2024\/05\/home2.jpg\",\"width\":2000,\"height\":792},{\"@type\":\"BreadcrumbList\",\"@id\":\"https:\/\/www.st-michel-amparibe.mg\/index.php\/tetiharana\/#breadcrumb\",\"itemListElement\":[{\"@type\":\"ListItem\",\"position\":1,\"name\":\"Accueil\",\"item\":\"https:\/\/www.st-michel-amparibe.mg\/\"},{\"@type\":\"ListItem\",\"position\":2,\"name\":\"TETIHARANA\"}]},{\"@type\":\"WebSite\",\"@id\":\"https:\/\/www.st-michel-amparibe.mg\/#website\",\"url\":\"https:\/\/www.st-michel-amparibe.mg\/\",\"name\":\"St Michel amparibe\",\"description\":\"Miorimpaka hanasoa olona.\",\"publisher\":{\"@id\":\"https:\/\/www.st-michel-amparibe.mg\/#organization\"},\"potentialAction\":[{\"@type\":\"SearchAction\",\"target\":{\"@type\":\"EntryPoint\",\"urlTemplate\":\"https:\/\/www.st-michel-amparibe.mg\/?s={search_term_string}\"},\"query-input\":{\"@type\":\"PropertyValueSpecification\",\"valueRequired\":true,\"valueName\":\"search_term_string\"}}],\"inLanguage\":\"fr-CA\"},{\"@type\":\"Organization\",\"@id\":\"https:\/\/www.st-michel-amparibe.mg\/#organization\",\"name\":\"St Michel amparibe\",\"url\":\"https:\/\/www.st-michel-amparibe.mg\/\",\"logo\":{\"@type\":\"ImageObject\",\"inLanguage\":\"fr-CA\",\"@id\":\"https:\/\/www.st-michel-amparibe.mg\/#\/schema\/logo\/image\/\",\"url\":\"https:\/\/www.st-michel-amparibe.mg\/wp-content\/uploads\/2024\/06\/logo-st-michel.jpg\",\"contentUrl\":\"https:\/\/www.st-michel-amparibe.mg\/wp-content\/uploads\/2024\/06\/logo-st-michel.jpg\",\"width\":1021,\"height\":1008,\"caption\":\"St Michel amparibe\"},\"image\":{\"@id\":\"https:\/\/www.st-michel-amparibe.mg\/#\/schema\/logo\/image\/\"}}]}<\/script>\n<!-- \/ Yoast SEO plugin. -->","yoast_head_json":{"title":"\u00e9cole priv\u00e9e catholique - Enseignement primaire \u00e0 terminal","description":"st michel - etablissement technique sup\u00e9rieur - j\u00e9suite - universit\u00e9 - universitaire - sekoly - catholique - \u00e9cole sup\u00e9rieur - Madagascar","robots":{"index":"index","follow":"follow","max-snippet":"max-snippet:-1","max-image-preview":"max-image-preview:large","max-video-preview":"max-video-preview:-1"},"canonical":"https:\/\/www.st-michel-amparibe.mg\/index.php\/tetiharana\/","og_locale":"fr_CA","og_type":"article","og_title":"\u00e9cole priv\u00e9e catholique - Enseignement primaire \u00e0 terminal","og_description":"st michel - etablissement technique sup\u00e9rieur - j\u00e9suite - universit\u00e9 - universitaire - sekoly - catholique - \u00e9cole sup\u00e9rieur - Madagascar","og_url":"https:\/\/www.st-michel-amparibe.mg\/index.php\/tetiharana\/","og_site_name":"St Michel","article_modified_time":"2024-07-15T09:09:13+00:00","og_image":[{"url":"https:\/\/www.st-michel-amparibe.mg\/wp-content\/uploads\/2024\/05\/home2.jpg","type":"","width":"","height":""}],"twitter_card":"summary_large_image","twitter_misc":{"Estimation du temps de lecture":"3 minutes"},"schema":{"@context":"https:\/\/schema.org","@graph":[{"@type":"WebPage","@id":"https:\/\/www.st-michel-amparibe.mg\/index.php\/tetiharana\/","url":"https:\/\/www.st-michel-amparibe.mg\/index.php\/tetiharana\/","name":"\u00e9cole priv\u00e9e catholique - Enseignement primaire \u00e0 terminal","isPartOf":{"@id":"https:\/\/www.st-michel-amparibe.mg\/#website"},"primaryImageOfPage":{"@id":"https:\/\/www.st-michel-amparibe.mg\/index.php\/tetiharana\/#primaryimage"},"image":{"@id":"https:\/\/www.st-michel-amparibe.mg\/index.php\/tetiharana\/#primaryimage"},"thumbnailUrl":"https:\/\/www.st-michel-amparibe.mg\/wp-content\/uploads\/2024\/05\/home2.jpg","datePublished":"2024-05-02T14:18:59+00:00","dateModified":"2024-07-15T09:09:13+00:00","description":"st michel - etablissement technique sup\u00e9rieur - j\u00e9suite - universit\u00e9 - universitaire - sekoly - catholique - \u00e9cole sup\u00e9rieur - Madagascar","breadcrumb":{"@id":"https:\/\/www.st-michel-amparibe.mg\/index.php\/tetiharana\/#breadcrumb"},"inLanguage":"fr-CA","potentialAction":[{"@type":"ReadAction","target":["https:\/\/www.st-michel-amparibe.mg\/index.php\/tetiharana\/"]}]},{"@type":"ImageObject","inLanguage":"fr-CA","@id":"https:\/\/www.st-michel-amparibe.mg\/index.php\/tetiharana\/#primaryimage","url":"https:\/\/www.st-michel-amparibe.mg\/wp-content\/uploads\/2024\/05\/home2.jpg","contentUrl":"https:\/\/www.st-michel-amparibe.mg\/wp-content\/uploads\/2024\/05\/home2.jpg","width":2000,"height":792},{"@type":"BreadcrumbList","@id":"https:\/\/www.st-michel-amparibe.mg\/index.php\/tetiharana\/#breadcrumb","itemListElement":[{"@type":"ListItem","position":1,"name":"Accueil","item":"https:\/\/www.st-michel-amparibe.mg\/"},{"@type":"ListItem","position":2,"name":"TETIHARANA"}]},{"@type":"WebSite","@id":"https:\/\/www.st-michel-amparibe.mg\/#website","url":"https:\/\/www.st-michel-amparibe.mg\/","name":"St Michel amparibe","description":"Miorimpaka hanasoa olona.","publisher":{"@id":"https:\/\/www.st-michel-amparibe.mg\/#organization"},"potentialAction":[{"@type":"SearchAction","target":{"@type":"EntryPoint","urlTemplate":"https:\/\/www.st-michel-amparibe.mg\/?s={search_term_string}"},"query-input":{"@type":"PropertyValueSpecification","valueRequired":true,"valueName":"search_term_string"}}],"inLanguage":"fr-CA"},{"@type":"Organization","@id":"https:\/\/www.st-michel-amparibe.mg\/#organization","name":"St Michel amparibe","url":"https:\/\/www.st-michel-amparibe.mg\/","logo":{"@type":"ImageObject","inLanguage":"fr-CA","@id":"https:\/\/www.st-michel-amparibe.mg\/#\/schema\/logo\/image\/","url":"https:\/\/www.st-michel-amparibe.mg\/wp-content\/uploads\/2024\/06\/logo-st-michel.jpg","contentUrl":"https:\/\/www.st-michel-amparibe.mg\/wp-content\/uploads\/2024\/06\/logo-st-michel.jpg","width":1021,"height":1008,"caption":"St Michel amparibe"},"image":{"@id":"https:\/\/www.st-michel-amparibe.mg\/#\/schema\/logo\/image\/"}}]}},"_links":{"self":[{"href":"https:\/\/www.st-michel-amparibe.mg\/index.php\/wp-json\/wp\/v2\/pages\/159","targetHints":{"allow":["GET"]}}],"collection":[{"href":"https:\/\/www.st-michel-amparibe.mg\/index.php\/wp-json\/wp\/v2\/pages"}],"about":[{"href":"https:\/\/www.st-michel-amparibe.mg\/index.php\/wp-json\/wp\/v2\/types\/page"}],"author":[{"embeddable":true,"href":"https:\/\/www.st-michel-amparibe.mg\/index.php\/wp-json\/wp\/v2\/users\/1"}],"replies":[{"embeddable":true,"href":"https:\/\/www.st-michel-amparibe.mg\/index.php\/wp-json\/wp\/v2\/comments?post=159"}],"version-history":[{"count":76,"href":"https:\/\/www.st-michel-amparibe.mg\/index.php\/wp-json\/wp\/v2\/pages\/159\/revisions"}],"predecessor-version":[{"id":1466,"href":"https:\/\/www.st-michel-amparibe.mg\/index.php\/wp-json\/wp\/v2\/pages\/159\/revisions\/1466"}],"wp:attachment":[{"href":"https:\/\/www.st-michel-amparibe.mg\/index.php\/wp-json\/wp\/v2\/media?parent=159"}],"curies":[{"name":"wp","href":"https:\/\/api.w.org\/{rel}","templated":true}]}}