{"id":162,"date":"2024-05-02T14:19:41","date_gmt":"2024-05-02T14:19:41","guid":{"rendered":"https:\/\/www.st-michel-amparibe.mg\/?page_id=162"},"modified":"2024-07-12T15:10:05","modified_gmt":"2024-07-12T15:10:05","slug":"ecrire-au-pere-recteur","status":"publish","type":"page","link":"https:\/\/www.st-michel-amparibe.mg\/index.php\/ecrire-au-pere-recteur\/","title":{"rendered":"ECRIRE AU PERE RECTEUR"},"content":{"rendered":"\t\t<div data-elementor-type=\"wp-page\" data-elementor-id=\"162\" class=\"elementor elementor-162\" data-elementor-post-type=\"page\">\n\t\t\t\t<div class=\"elementor-element elementor-element-4004a20 animated-slow e-flex e-con-boxed elementor-invisible e-con e-parent\" data-id=\"4004a20\" data-element_type=\"container\" data-settings=\"{&quot;animation&quot;:&quot;fadeIn&quot;}\">\n\t\t\t\t\t<div class=\"e-con-inner\">\n\t\t\t\t<div class=\"elementor-element elementor-element-d7700e6 elementor-widget elementor-widget-image\" data-id=\"d7700e6\" data-element_type=\"widget\" data-widget_type=\"image.default\">\n\t\t\t\t<div class=\"elementor-widget-container\">\n\t\t\t\t\t\t\t\t\t\t\t\t\t\t\t<img fetchpriority=\"high\" decoding=\"async\" width=\"2560\" height=\"1920\" src=\"https:\/\/www.st-michel-amparibe.mg\/wp-content\/uploads\/2024\/05\/rect-scaled.jpg\" class=\"attachment-full size-full wp-image-419\" alt=\"\" srcset=\"https:\/\/www.st-michel-amparibe.mg\/wp-content\/uploads\/2024\/05\/rect-scaled.jpg 2560w, https:\/\/www.st-michel-amparibe.mg\/wp-content\/uploads\/2024\/05\/rect-300x225.jpg 300w, https:\/\/www.st-michel-amparibe.mg\/wp-content\/uploads\/2024\/05\/rect-1024x768.jpg 1024w, https:\/\/www.st-michel-amparibe.mg\/wp-content\/uploads\/2024\/05\/rect-768x576.jpg 768w, https:\/\/www.st-michel-amparibe.mg\/wp-content\/uploads\/2024\/05\/rect-1536x1152.jpg 1536w, https:\/\/www.st-michel-amparibe.mg\/wp-content\/uploads\/2024\/05\/rect-2048x1536.jpg 2048w\" sizes=\"(max-width: 2560px) 100vw, 2560px\" \/>\t\t\t\t\t\t\t\t\t\t\t\t\t\t\t<\/div>\n\t\t\t\t<\/div>\n\t\t\t\t\t<\/div>\n\t\t\t\t<\/div>\n\t\t<div class=\"elementor-element elementor-element-cf13368 animated-slow e-flex e-con-boxed elementor-invisible e-con e-parent\" data-id=\"cf13368\" data-element_type=\"container\" data-settings=\"{&quot;animation&quot;:&quot;fadeInDown&quot;}\">\n\t\t\t\t\t<div class=\"e-con-inner\">\n\t\t\t\t<div class=\"elementor-element elementor-element-50f8ed3 elementor-widget elementor-widget-heading\" data-id=\"50f8ed3\" data-element_type=\"widget\" data-widget_type=\"heading.default\">\n\t\t\t\t<div class=\"elementor-widget-container\">\n\t\t\t\t\t<h2 class=\"elementor-heading-title elementor-size-default\">ECRIRE AU PERE RECTEUR<\/h2>\t\t\t\t<\/div>\n\t\t\t\t<\/div>\n\t\t\t\t\t<\/div>\n\t\t\t\t<\/div>\n\t\t<div class=\"elementor-element elementor-element-dbec7c0 animated-slow e-flex e-con-boxed elementor-invisible e-con e-parent\" data-id=\"dbec7c0\" data-element_type=\"container\" data-settings=\"{&quot;animation&quot;:&quot;fadeInUp&quot;}\">\n\t\t\t\t\t<div class=\"e-con-inner\">\n\t\t<div class=\"elementor-element elementor-element-d6bdd95 e-con-full e-flex e-con e-child\" data-id=\"d6bdd95\" data-element_type=\"container\">\n\t\t\t\t<div class=\"elementor-element elementor-element-423a714 elementor-widget elementor-widget-shortcode\" data-id=\"423a714\" data-element_type=\"widget\" data-widget_type=\"shortcode.default\">\n\t\t\t\t<div class=\"elementor-widget-container\">\n\t\t\t\t\t\t\t<div class=\"elementor-shortcode\">\n<div class=\"wpcf7 no-js\" id=\"wpcf7-f6-o1\" lang=\"fr-CA\" dir=\"ltr\" data-wpcf7-id=\"6\">\n<div class=\"screen-reader-response\"><p role=\"status\" aria-live=\"polite\" aria-atomic=\"true\"><\/p> <ul><\/ul><\/div>\n<form action=\"\/index.php\/wp-json\/wp\/v2\/pages\/162#wpcf7-f6-o1\" method=\"post\" class=\"wpcf7-form init\" aria-label=\"Contact form\" novalidate=\"novalidate\" data-status=\"init\">\n<fieldset class=\"hidden-fields-container\"><input type=\"hidden\" name=\"_wpcf7\" value=\"6\" \/><input type=\"hidden\" name=\"_wpcf7_version\" value=\"6.1.4\" \/><input type=\"hidden\" name=\"_wpcf7_locale\" value=\"fr_CA\" \/><input type=\"hidden\" name=\"_wpcf7_unit_tag\" value=\"wpcf7-f6-o1\" \/><input type=\"hidden\" name=\"_wpcf7_container_post\" value=\"0\" \/><input type=\"hidden\" name=\"_wpcf7_posted_data_hash\" value=\"\" \/>\n<\/fieldset>\n<p><label> Votre nom<br \/>\n<span class=\"wpcf7-form-control-wrap\" data-name=\"your-name\"><input size=\"40\" maxlength=\"400\" class=\"wpcf7-form-control wpcf7-text wpcf7-validates-as-required\" autocomplete=\"name\" aria-required=\"true\" aria-invalid=\"false\" value=\"\" type=\"text\" name=\"your-name\" \/><\/span> <\/label>\n<\/p>\n<p><label> Votre adresse courriel<br \/>\n<span class=\"wpcf7-form-control-wrap\" data-name=\"your-email\"><input size=\"40\" maxlength=\"400\" class=\"wpcf7-form-control wpcf7-email wpcf7-validates-as-required wpcf7-text wpcf7-validates-as-email\" autocomplete=\"email\" aria-required=\"true\" aria-invalid=\"false\" value=\"\" type=\"email\" name=\"your-email\" \/><\/span> <\/label>\n<\/p>\n<p><label> Sujet<br \/>\n<span class=\"wpcf7-form-control-wrap\" data-name=\"your-subject\"><input size=\"40\" maxlength=\"400\" class=\"wpcf7-form-control wpcf7-text wpcf7-validates-as-required\" aria-required=\"true\" aria-invalid=\"false\" value=\"\" type=\"text\" name=\"your-subject\" \/><\/span> <\/label>\n<\/p>\n<p><label> Votre Message<br \/>\n<span class=\"wpcf7-form-control-wrap\" data-name=\"your-message\"><textarea cols=\"40\" rows=\"10\" maxlength=\"2000\" class=\"wpcf7-form-control wpcf7-textarea\" aria-invalid=\"false\" name=\"your-message\"><\/textarea><\/span> <\/label>\n<\/p>\n<p><input class=\"wpcf7-form-control wpcf7-submit has-spinner\" type=\"submit\" value=\"Envoyer\" \/>\n<\/p><div class=\"wpcf7-response-output\" aria-hidden=\"true\"><\/div>\n<\/form>\n<\/div>\n<\/div>\n\t\t\t\t\t\t<\/div>\n\t\t\t\t<\/div>\n\t\t\t\t<\/div>\n\t\t<div class=\"elementor-element elementor-element-56549ab e-con-full e-flex e-con e-child\" data-id=\"56549ab\" data-element_type=\"container\">\n\t\t\t\t<div class=\"elementor-element elementor-element-7331b1f elementor-align-left elementor-widget elementor-widget-xpro-infolist\" data-id=\"7331b1f\" data-element_type=\"widget\" data-widget_type=\"xpro-infolist.default\">\n\t\t\t\t<div class=\"elementor-widget-container\">\n\t\t\t\t\t<ul class=\"xpro-infolist-wrapper xpro-infolist-layout-vertical\">\n\t\t\t<li class=\"xpro-infolist-item elementor-repeater-item-e87a229\">\n\t\t\t\t\t\t\t\t\t\t<div class=\"xpro-infolist-media xpro-infolist-media-type-icon\">\n\t\t\t\t\t<svg aria-hidden=\"true\" class=\"e-font-icon-svg e-fas-check\" viewBox=\"0 0 512 512\" xmlns=\"http:\/\/www.w3.org\/2000\/svg\"><path d=\"M173.898 439.404l-166.4-166.4c-9.997-9.997-9.997-26.206 0-36.204l36.203-36.204c9.997-9.998 26.207-9.998 36.204 0L192 312.69 432.095 72.596c9.997-9.997 26.207-9.997 36.204 0l36.203 36.204c9.997 9.997 9.997 26.206 0 36.204l-294.4 294.401c-9.998 9.997-26.207 9.997-36.204-.001z\"><\/path><\/svg>\t\t\t\t<\/div>\n\t\t\t\n\t\t\t<div class=\"xpro-infolist-content\">\n\t\t\t\t                <h2 class=\"xpro-infolist-title\"> Demande de rendez-vous <\/h2>\n                \t\t\t\t\t\t\t<\/div>\n\t\t\t\t\t<\/li>\n\t\t\t<li class=\"xpro-infolist-item elementor-repeater-item-9afb1e0\">\n\t\t\t\t\t\t\t\t\t\t<div class=\"xpro-infolist-media xpro-infolist-media-type-icon\">\n\t\t\t\t\t<svg aria-hidden=\"true\" class=\"e-font-icon-svg e-fas-check\" viewBox=\"0 0 512 512\" xmlns=\"http:\/\/www.w3.org\/2000\/svg\"><path d=\"M173.898 439.404l-166.4-166.4c-9.997-9.997-9.997-26.206 0-36.204l36.203-36.204c9.997-9.998 26.207-9.998 36.204 0L192 312.69 432.095 72.596c9.997-9.997 26.207-9.997 36.204 0l36.203 36.204c9.997 9.997 9.997 26.206 0 36.204l-294.4 294.401c-9.998 9.997-26.207 9.997-36.204-.001z\"><\/path><\/svg>\t\t\t\t<\/div>\n\t\t\t\n\t\t\t<div class=\"xpro-infolist-content\">\n\t\t\t\t                <h2 class=\"xpro-infolist-title\"> Proposition de projet acad\u00e9mique ou communautaire <\/h2>\n                \t\t\t\t\t\t\t<\/div>\n\t\t\t\t\t<\/li>\n\t\t\t<li class=\"xpro-infolist-item elementor-repeater-item-8d25f2e\">\n\t\t\t\t\t\t\t\t\t\t<div class=\"xpro-infolist-media xpro-infolist-media-type-icon\">\n\t\t\t\t\t<svg aria-hidden=\"true\" class=\"e-font-icon-svg e-fas-check\" viewBox=\"0 0 512 512\" xmlns=\"http:\/\/www.w3.org\/2000\/svg\"><path d=\"M173.898 439.404l-166.4-166.4c-9.997-9.997-9.997-26.206 0-36.204l36.203-36.204c9.997-9.998 26.207-9.998 36.204 0L192 312.69 432.095 72.596c9.997-9.997 26.207-9.997 36.204 0l36.203 36.204c9.997 9.997 9.997 26.206 0 36.204l-294.4 294.401c-9.998 9.997-26.207 9.997-36.204-.001z\"><\/path><\/svg>\t\t\t\t<\/div>\n\t\t\t\n\t\t\t<div class=\"xpro-infolist-content\">\n\t\t\t\t                <h2 class=\"xpro-infolist-title\"> F\u00e9licitations ou remerciements pour un \u00e9v\u00e9nement sp\u00e9cifique <\/h2>\n                \t\t\t\t\t\t\t<\/div>\n\t\t\t\t\t<\/li>\n\t\t\t<li class=\"xpro-infolist-item elementor-repeater-item-fb9ffdf\">\n\t\t\t\t\t\t\t\t\t\t<div class=\"xpro-infolist-media xpro-infolist-media-type-icon\">\n\t\t\t\t\t<svg aria-hidden=\"true\" class=\"e-font-icon-svg e-fas-check\" viewBox=\"0 0 512 512\" xmlns=\"http:\/\/www.w3.org\/2000\/svg\"><path d=\"M173.898 439.404l-166.4-166.4c-9.997-9.997-9.997-26.206 0-36.204l36.203-36.204c9.997-9.998 26.207-9.998 36.204 0L192 312.69 432.095 72.596c9.997-9.997 26.207-9.997 36.204 0l36.203 36.204c9.997 9.997 9.997 26.206 0 36.204l-294.4 294.401c-9.998 9.997-26.207 9.997-36.204-.001z\"><\/path><\/svg>\t\t\t\t<\/div>\n\t\t\t\n\t\t\t<div class=\"xpro-infolist-content\">\n\t\t\t\t                <h2 class=\"xpro-infolist-title\"> Suggestion pour am\u00e9liorer le coll\u00e8ge <\/h2>\n                \t\t\t\t\t\t\t<\/div>\n\t\t\t\t\t<\/li>\n\t\t\t<li class=\"xpro-infolist-item elementor-repeater-item-3816df7\">\n\t\t\t\t\t\t\t\t\t\t<div class=\"xpro-infolist-media xpro-infolist-media-type-icon\">\n\t\t\t\t\t<svg aria-hidden=\"true\" class=\"e-font-icon-svg e-fas-money-check-alt\" viewBox=\"0 0 640 512\" xmlns=\"http:\/\/www.w3.org\/2000\/svg\"><path d=\"M608 32H32C14.33 32 0 46.33 0 64v384c0 17.67 14.33 32 32 32h576c17.67 0 32-14.33 32-32V64c0-17.67-14.33-32-32-32zM176 327.88V344c0 4.42-3.58 8-8 8h-16c-4.42 0-8-3.58-8-8v-16.29c-11.29-.58-22.27-4.52-31.37-11.35-3.9-2.93-4.1-8.77-.57-12.14l11.75-11.21c2.77-2.64 6.89-2.76 10.13-.73 3.87 2.42 8.26 3.72 12.82 3.72h28.11c6.5 0 11.8-5.92 11.8-13.19 0-5.95-3.61-11.19-8.77-12.73l-45-13.5c-18.59-5.58-31.58-23.42-31.58-43.39 0-24.52 19.05-44.44 42.67-45.07V152c0-4.42 3.58-8 8-8h16c4.42 0 8 3.58 8 8v16.29c11.29.58 22.27 4.51 31.37 11.35 3.9 2.93 4.1 8.77.57 12.14l-11.75 11.21c-2.77 2.64-6.89 2.76-10.13.73-3.87-2.43-8.26-3.72-12.82-3.72h-28.11c-6.5 0-11.8 5.92-11.8 13.19 0 5.95 3.61 11.19 8.77 12.73l45 13.5c18.59 5.58 31.58 23.42 31.58 43.39 0 24.53-19.05 44.44-42.67 45.07zM416 312c0 4.42-3.58 8-8 8H296c-4.42 0-8-3.58-8-8v-16c0-4.42 3.58-8 8-8h112c4.42 0 8 3.58 8 8v16zm160 0c0 4.42-3.58 8-8 8h-80c-4.42 0-8-3.58-8-8v-16c0-4.42 3.58-8 8-8h80c4.42 0 8 3.58 8 8v16zm0-96c0 4.42-3.58 8-8 8H296c-4.42 0-8-3.58-8-8v-16c0-4.42 3.58-8 8-8h272c4.42 0 8 3.58 8 8v16z\"><\/path><\/svg>\t\t\t\t<\/div>\n\t\t\t\n\t\t\t<div class=\"xpro-infolist-content\">\n\t\t\t\t                <h2 class=\"xpro-infolist-title\"> Donation de bourse pour les \u00e9tudiantes <\/h2>\n                \t\t\t\t\t\t\t<\/div>\n\t\t\t\t\t<\/li>\n\t<\/ul>\n\t\t\t\t<\/div>\n\t\t\t\t<\/div>\n\t\t\t\t<\/div>\n\t\t\t\t\t<\/div>\n\t\t\t\t<\/div>\n\t\t\t\t<\/div>\n\t\t","protected":false},"excerpt":{"rendered":"<p>ECRIRE AU PERE RECTEUR Demande de rendez-vous Proposition de projet acad\u00e9mique ou communautaire F\u00e9licitations ou remerciements pour un \u00e9v\u00e9nement sp\u00e9cifique Suggestion pour am\u00e9liorer le coll\u00e8ge Donation de bourse pour les \u00e9tudiantes<\/p>\n","protected":false},"author":1,"featured_media":0,"parent":0,"menu_order":0,"comment_status":"closed","ping_status":"closed","template":"elementor_theme","meta":{"footnotes":""},"class_list":["post-162","page","type-page","status-publish","hentry"],"yoast_head":"<!-- This site is optimized with the Yoast SEO plugin v26.6 - https:\/\/yoast.com\/wordpress\/plugins\/seo\/ -->\n<title>Coll\u00e8ge Saint Michel Amparibe - Enseignement catholique<\/title>\n<meta name=\"description\" content=\"\u00e9crire - p\u00e8re recteur - saint - michel - amparibe - antananarivo - madagascar - contact -\" \/>\n<meta name=\"robots\" content=\"index, follow, max-snippet:-1, max-image-preview:large, max-video-preview:-1\" \/>\n<link rel=\"canonical\" href=\"https:\/\/www.st-michel-amparibe.mg\/index.php\/ecrire-au-pere-recteur\/\" \/>\n<meta property=\"og:locale\" content=\"fr_CA\" \/>\n<meta property=\"og:type\" content=\"article\" \/>\n<meta property=\"og:title\" content=\"Coll\u00e8ge Saint Michel Amparibe - Enseignement catholique\" \/>\n<meta property=\"og:description\" content=\"\u00e9crire - p\u00e8re recteur - saint - michel - amparibe - antananarivo - madagascar - contact -\" \/>\n<meta property=\"og:url\" content=\"https:\/\/www.st-michel-amparibe.mg\/index.php\/ecrire-au-pere-recteur\/\" \/>\n<meta property=\"og:site_name\" content=\"St Michel\" \/>\n<meta property=\"article:modified_time\" content=\"2024-07-12T15:10:05+00:00\" \/>\n<meta property=\"og:image\" content=\"https:\/\/www.st-michel-amparibe.mg\/wp-content\/uploads\/2024\/05\/rect-scaled.jpg\" \/>\n<meta name=\"twitter:card\" content=\"summary_large_image\" \/>\n<meta name=\"twitter:label1\" content=\"Estimation du temps de lecture\" \/>\n\t<meta name=\"twitter:data1\" content=\"1 minute\" \/>\n<script type=\"application\/ld+json\" class=\"yoast-schema-graph\">{\"@context\":\"https:\/\/schema.org\",\"@graph\":[{\"@type\":\"WebPage\",\"@id\":\"https:\/\/www.st-michel-amparibe.mg\/index.php\/ecrire-au-pere-recteur\/\",\"url\":\"https:\/\/www.st-michel-amparibe.mg\/index.php\/ecrire-au-pere-recteur\/\",\"name\":\"Coll\u00e8ge Saint Michel Amparibe - Enseignement catholique\",\"isPartOf\":{\"@id\":\"https:\/\/www.st-michel-amparibe.mg\/#website\"},\"primaryImageOfPage\":{\"@id\":\"https:\/\/www.st-michel-amparibe.mg\/index.php\/ecrire-au-pere-recteur\/#primaryimage\"},\"image\":{\"@id\":\"https:\/\/www.st-michel-amparibe.mg\/index.php\/ecrire-au-pere-recteur\/#primaryimage\"},\"thumbnailUrl\":\"https:\/\/www.st-michel-amparibe.mg\/wp-content\/uploads\/2024\/05\/rect-scaled.jpg\",\"datePublished\":\"2024-05-02T14:19:41+00:00\",\"dateModified\":\"2024-07-12T15:10:05+00:00\",\"description\":\"\u00e9crire - p\u00e8re recteur - saint - michel - amparibe - antananarivo - madagascar - contact -\",\"breadcrumb\":{\"@id\":\"https:\/\/www.st-michel-amparibe.mg\/index.php\/ecrire-au-pere-recteur\/#breadcrumb\"},\"inLanguage\":\"fr-CA\",\"potentialAction\":[{\"@type\":\"ReadAction\",\"target\":[\"https:\/\/www.st-michel-amparibe.mg\/index.php\/ecrire-au-pere-recteur\/\"]}]},{\"@type\":\"ImageObject\",\"inLanguage\":\"fr-CA\",\"@id\":\"https:\/\/www.st-michel-amparibe.mg\/index.php\/ecrire-au-pere-recteur\/#primaryimage\",\"url\":\"https:\/\/www.st-michel-amparibe.mg\/wp-content\/uploads\/2024\/05\/rect-scaled.jpg\",\"contentUrl\":\"https:\/\/www.st-michel-amparibe.mg\/wp-content\/uploads\/2024\/05\/rect-scaled.jpg\",\"width\":2560,\"height\":1920},{\"@type\":\"BreadcrumbList\",\"@id\":\"https:\/\/www.st-michel-amparibe.mg\/index.php\/ecrire-au-pere-recteur\/#breadcrumb\",\"itemListElement\":[{\"@type\":\"ListItem\",\"position\":1,\"name\":\"Accueil\",\"item\":\"https:\/\/www.st-michel-amparibe.mg\/\"},{\"@type\":\"ListItem\",\"position\":2,\"name\":\"ECRIRE AU PERE RECTEUR\"}]},{\"@type\":\"WebSite\",\"@id\":\"https:\/\/www.st-michel-amparibe.mg\/#website\",\"url\":\"https:\/\/www.st-michel-amparibe.mg\/\",\"name\":\"St Michel amparibe\",\"description\":\"Miorimpaka hanasoa olona.\",\"publisher\":{\"@id\":\"https:\/\/www.st-michel-amparibe.mg\/#organization\"},\"potentialAction\":[{\"@type\":\"SearchAction\",\"target\":{\"@type\":\"EntryPoint\",\"urlTemplate\":\"https:\/\/www.st-michel-amparibe.mg\/?s={search_term_string}\"},\"query-input\":{\"@type\":\"PropertyValueSpecification\",\"valueRequired\":true,\"valueName\":\"search_term_string\"}}],\"inLanguage\":\"fr-CA\"},{\"@type\":\"Organization\",\"@id\":\"https:\/\/www.st-michel-amparibe.mg\/#organization\",\"name\":\"St Michel amparibe\",\"url\":\"https:\/\/www.st-michel-amparibe.mg\/\",\"logo\":{\"@type\":\"ImageObject\",\"inLanguage\":\"fr-CA\",\"@id\":\"https:\/\/www.st-michel-amparibe.mg\/#\/schema\/logo\/image\/\",\"url\":\"https:\/\/www.st-michel-amparibe.mg\/wp-content\/uploads\/2024\/06\/logo-st-michel.jpg\",\"contentUrl\":\"https:\/\/www.st-michel-amparibe.mg\/wp-content\/uploads\/2024\/06\/logo-st-michel.jpg\",\"width\":1021,\"height\":1008,\"caption\":\"St Michel amparibe\"},\"image\":{\"@id\":\"https:\/\/www.st-michel-amparibe.mg\/#\/schema\/logo\/image\/\"}}]}<\/script>\n<!-- \/ Yoast SEO plugin. -->","yoast_head_json":{"title":"Coll\u00e8ge Saint Michel Amparibe - Enseignement catholique","description":"\u00e9crire - p\u00e8re recteur - saint - michel - amparibe - antananarivo - madagascar - contact -","robots":{"index":"index","follow":"follow","max-snippet":"max-snippet:-1","max-image-preview":"max-image-preview:large","max-video-preview":"max-video-preview:-1"},"canonical":"https:\/\/www.st-michel-amparibe.mg\/index.php\/ecrire-au-pere-recteur\/","og_locale":"fr_CA","og_type":"article","og_title":"Coll\u00e8ge Saint Michel Amparibe - Enseignement catholique","og_description":"\u00e9crire - p\u00e8re recteur - saint - michel - amparibe - antananarivo - madagascar - contact -","og_url":"https:\/\/www.st-michel-amparibe.mg\/index.php\/ecrire-au-pere-recteur\/","og_site_name":"St Michel","article_modified_time":"2024-07-12T15:10:05+00:00","og_image":[{"url":"https:\/\/www.st-michel-amparibe.mg\/wp-content\/uploads\/2024\/05\/rect-scaled.jpg","type":"","width":"","height":""}],"twitter_card":"summary_large_image","twitter_misc":{"Estimation du temps de lecture":"1 minute"},"schema":{"@context":"https:\/\/schema.org","@graph":[{"@type":"WebPage","@id":"https:\/\/www.st-michel-amparibe.mg\/index.php\/ecrire-au-pere-recteur\/","url":"https:\/\/www.st-michel-amparibe.mg\/index.php\/ecrire-au-pere-recteur\/","name":"Coll\u00e8ge Saint Michel Amparibe - Enseignement catholique","isPartOf":{"@id":"https:\/\/www.st-michel-amparibe.mg\/#website"},"primaryImageOfPage":{"@id":"https:\/\/www.st-michel-amparibe.mg\/index.php\/ecrire-au-pere-recteur\/#primaryimage"},"image":{"@id":"https:\/\/www.st-michel-amparibe.mg\/index.php\/ecrire-au-pere-recteur\/#primaryimage"},"thumbnailUrl":"https:\/\/www.st-michel-amparibe.mg\/wp-content\/uploads\/2024\/05\/rect-scaled.jpg","datePublished":"2024-05-02T14:19:41+00:00","dateModified":"2024-07-12T15:10:05+00:00","description":"\u00e9crire - p\u00e8re recteur - saint - michel - amparibe - antananarivo - madagascar - contact -","breadcrumb":{"@id":"https:\/\/www.st-michel-amparibe.mg\/index.php\/ecrire-au-pere-recteur\/#breadcrumb"},"inLanguage":"fr-CA","potentialAction":[{"@type":"ReadAction","target":["https:\/\/www.st-michel-amparibe.mg\/index.php\/ecrire-au-pere-recteur\/"]}]},{"@type":"ImageObject","inLanguage":"fr-CA","@id":"https:\/\/www.st-michel-amparibe.mg\/index.php\/ecrire-au-pere-recteur\/#primaryimage","url":"https:\/\/www.st-michel-amparibe.mg\/wp-content\/uploads\/2024\/05\/rect-scaled.jpg","contentUrl":"https:\/\/www.st-michel-amparibe.mg\/wp-content\/uploads\/2024\/05\/rect-scaled.jpg","width":2560,"height":1920},{"@type":"BreadcrumbList","@id":"https:\/\/www.st-michel-amparibe.mg\/index.php\/ecrire-au-pere-recteur\/#breadcrumb","itemListElement":[{"@type":"ListItem","position":1,"name":"Accueil","item":"https:\/\/www.st-michel-amparibe.mg\/"},{"@type":"ListItem","position":2,"name":"ECRIRE AU PERE RECTEUR"}]},{"@type":"WebSite","@id":"https:\/\/www.st-michel-amparibe.mg\/#website","url":"https:\/\/www.st-michel-amparibe.mg\/","name":"St Michel amparibe","description":"Miorimpaka hanasoa olona.","publisher":{"@id":"https:\/\/www.st-michel-amparibe.mg\/#organization"},"potentialAction":[{"@type":"SearchAction","target":{"@type":"EntryPoint","urlTemplate":"https:\/\/www.st-michel-amparibe.mg\/?s={search_term_string}"},"query-input":{"@type":"PropertyValueSpecification","valueRequired":true,"valueName":"search_term_string"}}],"inLanguage":"fr-CA"},{"@type":"Organization","@id":"https:\/\/www.st-michel-amparibe.mg\/#organization","name":"St Michel amparibe","url":"https:\/\/www.st-michel-amparibe.mg\/","logo":{"@type":"ImageObject","inLanguage":"fr-CA","@id":"https:\/\/www.st-michel-amparibe.mg\/#\/schema\/logo\/image\/","url":"https:\/\/www.st-michel-amparibe.mg\/wp-content\/uploads\/2024\/06\/logo-st-michel.jpg","contentUrl":"https:\/\/www.st-michel-amparibe.mg\/wp-content\/uploads\/2024\/06\/logo-st-michel.jpg","width":1021,"height":1008,"caption":"St Michel amparibe"},"image":{"@id":"https:\/\/www.st-michel-amparibe.mg\/#\/schema\/logo\/image\/"}}]}},"_links":{"self":[{"href":"https:\/\/www.st-michel-amparibe.mg\/index.php\/wp-json\/wp\/v2\/pages\/162","targetHints":{"allow":["GET"]}}],"collection":[{"href":"https:\/\/www.st-michel-amparibe.mg\/index.php\/wp-json\/wp\/v2\/pages"}],"about":[{"href":"https:\/\/www.st-michel-amparibe.mg\/index.php\/wp-json\/wp\/v2\/types\/page"}],"author":[{"embeddable":true,"href":"https:\/\/www.st-michel-amparibe.mg\/index.php\/wp-json\/wp\/v2\/users\/1"}],"replies":[{"embeddable":true,"href":"https:\/\/www.st-michel-amparibe.mg\/index.php\/wp-json\/wp\/v2\/comments?post=162"}],"version-history":[{"count":68,"href":"https:\/\/www.st-michel-amparibe.mg\/index.php\/wp-json\/wp\/v2\/pages\/162\/revisions"}],"predecessor-version":[{"id":1319,"href":"https:\/\/www.st-michel-amparibe.mg\/index.php\/wp-json\/wp\/v2\/pages\/162\/revisions\/1319"}],"wp:attachment":[{"href":"https:\/\/www.st-michel-amparibe.mg\/index.php\/wp-json\/wp\/v2\/media?parent=162"}],"curies":[{"name":"wp","href":"https:\/\/api.w.org\/{rel}","templated":true}]}}