{"id":791,"date":"2024-06-06T11:48:52","date_gmt":"2024-06-06T11:48:52","guid":{"rendered":"https:\/\/www.st-michel-amparibe.mg\/?page_id=791"},"modified":"2024-07-12T09:13:23","modified_gmt":"2024-07-12T09:13:23","slug":"basket","status":"publish","type":"page","link":"https:\/\/www.st-michel-amparibe.mg\/index.php\/basket\/","title":{"rendered":"BASKET"},"content":{"rendered":"\t\t<div data-elementor-type=\"wp-page\" data-elementor-id=\"791\" class=\"elementor elementor-791\" data-elementor-post-type=\"page\">\n\t\t\t\t<div class=\"elementor-element elementor-element-d56a5a5 e-flex e-con-boxed e-con e-parent\" data-id=\"d56a5a5\" data-element_type=\"container\">\n\t\t\t\t\t<div class=\"e-con-inner\">\n\t\t\t\t<div class=\"elementor-element elementor-element-b8546bb elementor-widget elementor-widget-video\" data-id=\"b8546bb\" data-element_type=\"widget\" data-settings=\"{&quot;youtube_url&quot;:&quot;https:\\\/\\\/youtu.be\\\/ET6IGoOq5Kk&quot;,&quot;autoplay&quot;:&quot;yes&quot;,&quot;play_on_mobile&quot;:&quot;yes&quot;,&quot;loop&quot;:&quot;yes&quot;,&quot;video_type&quot;:&quot;youtube&quot;,&quot;controls&quot;:&quot;yes&quot;}\" data-widget_type=\"video.default\">\n\t\t\t\t<div class=\"elementor-widget-container\">\n\t\t\t\t\t\t\t<div class=\"elementor-wrapper elementor-open-inline\">\n\t\t\t<div class=\"elementor-video\"><\/div>\t\t<\/div>\n\t\t\t\t\t\t<\/div>\n\t\t\t\t<\/div>\n\t\t\t\t\t<\/div>\n\t\t\t\t<\/div>\n\t\t<div class=\"elementor-element elementor-element-585a0e1 e-flex e-con-boxed e-con e-parent\" data-id=\"585a0e1\" data-element_type=\"container\">\n\t\t\t\t\t<div class=\"e-con-inner\">\n\t\t\t\t<div class=\"elementor-element elementor-element-5a7cf3b elementor-widget elementor-widget-image-gallery\" data-id=\"5a7cf3b\" data-element_type=\"widget\" data-widget_type=\"image-gallery.default\">\n\t\t\t\t<div class=\"elementor-widget-container\">\n\t\t\t\t\t\t\t<div class=\"elementor-image-gallery\">\n\t\t\t<div id='gallery-1' class='gallery galleryid-791 gallery-columns-5 gallery-size-thumbnail'><figure class='gallery-item'>\n\t\t\t<div class='gallery-icon landscape'>\n\t\t\t\t<a data-elementor-open-lightbox=\"yes\" data-elementor-lightbox-slideshow=\"5a7cf3b\" data-elementor-lightbox-title=\"N1BH\" data-e-action-hash=\"#elementor-action%3Aaction%3Dlightbox%26settings%3DeyJpZCI6ODM5LCJ1cmwiOiJodHRwczpcL1wvd3d3LnN0LW1pY2hlbC1hbXBhcmliZS5tZ1wvd3AtY29udGVudFwvdXBsb2Fkc1wvMjAyNFwvMDZcL04xQkgtMS5qcGciLCJzbGlkZXNob3ciOiI1YTdjZjNiIn0%3D\" href='https:\/\/www.st-michel-amparibe.mg\/wp-content\/uploads\/2024\/06\/N1BH-1.jpg'><img decoding=\"async\" width=\"150\" height=\"150\" src=\"https:\/\/www.st-michel-amparibe.mg\/wp-content\/uploads\/2024\/06\/N1BH-1-150x150.jpg\" class=\"attachment-thumbnail size-thumbnail\" alt=\"\" aria-describedby=\"gallery-1-839\" \/><\/a>\n\t\t\t<\/div>\n\t\t\t\t<figcaption class='wp-caption-text gallery-caption' id='gallery-1-839'>\n\t\t\t\tU18G\n\t\t\t\t<\/figcaption><\/figure><figure class='gallery-item'>\n\t\t\t<div class='gallery-icon landscape'>\n\t\t\t\t<a data-elementor-open-lightbox=\"yes\" data-elementor-lightbox-slideshow=\"5a7cf3b\" data-elementor-lightbox-title=\"U12 F\" data-e-action-hash=\"#elementor-action%3Aaction%3Dlightbox%26settings%3DeyJpZCI6ODQwLCJ1cmwiOiJodHRwczpcL1wvd3d3LnN0LW1pY2hlbC1hbXBhcmliZS5tZ1wvd3AtY29udGVudFwvdXBsb2Fkc1wvMjAyNFwvMDZcL1UxMi1GLTEuanBnIiwic2xpZGVzaG93IjoiNWE3Y2YzYiJ9\" href='https:\/\/www.st-michel-amparibe.mg\/wp-content\/uploads\/2024\/06\/U12-F-1.jpg'><img decoding=\"async\" width=\"150\" height=\"150\" src=\"https:\/\/www.st-michel-amparibe.mg\/wp-content\/uploads\/2024\/06\/U12-F-1-150x150.jpg\" class=\"attachment-thumbnail size-thumbnail\" alt=\"\" aria-describedby=\"gallery-1-840\" \/><\/a>\n\t\t\t<\/div>\n\t\t\t\t<figcaption class='wp-caption-text gallery-caption' id='gallery-1-840'>\n\t\t\t\tU12 F\n\t\t\t\t<\/figcaption><\/figure><figure class='gallery-item'>\n\t\t\t<div class='gallery-icon landscape'>\n\t\t\t\t<a data-elementor-open-lightbox=\"yes\" data-elementor-lightbox-slideshow=\"5a7cf3b\" data-elementor-lightbox-title=\"U12 G\" data-e-action-hash=\"#elementor-action%3Aaction%3Dlightbox%26settings%3DeyJpZCI6ODQxLCJ1cmwiOiJodHRwczpcL1wvd3d3LnN0LW1pY2hlbC1hbXBhcmliZS5tZ1wvd3AtY29udGVudFwvdXBsb2Fkc1wvMjAyNFwvMDZcL1UxMi1HLmpwZyIsInNsaWRlc2hvdyI6IjVhN2NmM2IifQ%3D%3D\" href='https:\/\/www.st-michel-amparibe.mg\/wp-content\/uploads\/2024\/06\/U12-G.jpg'><img decoding=\"async\" width=\"150\" height=\"150\" src=\"https:\/\/www.st-michel-amparibe.mg\/wp-content\/uploads\/2024\/06\/U12-G-150x150.jpg\" class=\"attachment-thumbnail size-thumbnail\" alt=\"\" aria-describedby=\"gallery-1-841\" \/><\/a>\n\t\t\t<\/div>\n\t\t\t\t<figcaption class='wp-caption-text gallery-caption' id='gallery-1-841'>\n\t\t\t\tU12 G\n\t\t\t\t<\/figcaption><\/figure><figure class='gallery-item'>\n\t\t\t<div class='gallery-icon landscape'>\n\t\t\t\t<a data-elementor-open-lightbox=\"yes\" data-elementor-lightbox-slideshow=\"5a7cf3b\" data-elementor-lightbox-title=\"U18G\" data-e-action-hash=\"#elementor-action%3Aaction%3Dlightbox%26settings%3DeyJpZCI6ODQyLCJ1cmwiOiJodHRwczpcL1wvd3d3LnN0LW1pY2hlbC1hbXBhcmliZS5tZ1wvd3AtY29udGVudFwvdXBsb2Fkc1wvMjAyNFwvMDZcL1UxOEctMS5qcGciLCJzbGlkZXNob3ciOiI1YTdjZjNiIn0%3D\" href='https:\/\/www.st-michel-amparibe.mg\/wp-content\/uploads\/2024\/06\/U18G-1.jpg'><img loading=\"lazy\" decoding=\"async\" width=\"150\" height=\"150\" src=\"https:\/\/www.st-michel-amparibe.mg\/wp-content\/uploads\/2024\/06\/U18G-1-150x150.jpg\" class=\"attachment-thumbnail size-thumbnail\" alt=\"\" aria-describedby=\"gallery-1-842\" \/><\/a>\n\t\t\t<\/div>\n\t\t\t\t<figcaption class='wp-caption-text gallery-caption' id='gallery-1-842'>\n\t\t\t\tN1BH\n\t\t\t\t<\/figcaption><\/figure><figure class='gallery-item'>\n\t\t\t<div class='gallery-icon landscape'>\n\t\t\t\t<a data-elementor-open-lightbox=\"yes\" data-elementor-lightbox-slideshow=\"5a7cf3b\" data-elementor-lightbox-title=\"VETERAN DAME\" data-e-action-hash=\"#elementor-action%3Aaction%3Dlightbox%26settings%3DeyJpZCI6ODQzLCJ1cmwiOiJodHRwczpcL1wvd3d3LnN0LW1pY2hlbC1hbXBhcmliZS5tZ1wvd3AtY29udGVudFwvdXBsb2Fkc1wvMjAyNFwvMDZcL1ZFVEVSQU4tREFNRS5qcGciLCJzbGlkZXNob3ciOiI1YTdjZjNiIn0%3D\" href='https:\/\/www.st-michel-amparibe.mg\/wp-content\/uploads\/2024\/06\/VETERAN-DAME.jpg'><img loading=\"lazy\" decoding=\"async\" width=\"150\" height=\"150\" src=\"https:\/\/www.st-michel-amparibe.mg\/wp-content\/uploads\/2024\/06\/VETERAN-DAME-150x150.jpg\" class=\"attachment-thumbnail size-thumbnail\" alt=\"\" aria-describedby=\"gallery-1-843\" \/><\/a>\n\t\t\t<\/div>\n\t\t\t\t<figcaption class='wp-caption-text gallery-caption' id='gallery-1-843'>\n\t\t\t\tVETERAN DAME\n\t\t\t\t<\/figcaption><\/figure>\n\t\t<\/div>\n\t\t<\/div>\n\t\t\t\t\t\t<\/div>\n\t\t\t\t<\/div>\n\t\t\t\t\t<\/div>\n\t\t\t\t<\/div>\n\t\t\t\t<\/div>\n\t\t","protected":false},"excerpt":{"rendered":"<p>U18G U12 F U12 G N1BH VETERAN DAME<\/p>\n","protected":false},"author":1,"featured_media":0,"parent":0,"menu_order":0,"comment_status":"closed","ping_status":"closed","template":"","meta":{"footnotes":""},"class_list":["post-791","page","type-page","status-publish","hentry"],"yoast_head":"<!-- This site is optimized with the Yoast SEO plugin v26.6 - https:\/\/yoast.com\/wordpress\/plugins\/seo\/ -->\n<title>Activit\u00e9s sportives - basket - st michel<\/title>\n<meta name=\"description\" content=\"st michel - sports - activit\u00e9s - sportives - entra\u00eenement - basket - match - ASSM - \u00e9quipe - joueur - Madagascar\" \/>\n<meta name=\"robots\" content=\"index, follow, max-snippet:-1, max-image-preview:large, max-video-preview:-1\" \/>\n<link rel=\"canonical\" href=\"https:\/\/www.st-michel-amparibe.mg\/index.php\/basket\/\" \/>\n<meta property=\"og:locale\" content=\"fr_CA\" \/>\n<meta property=\"og:type\" content=\"article\" \/>\n<meta property=\"og:title\" content=\"Activit\u00e9s sportives - basket - st michel\" \/>\n<meta property=\"og:description\" content=\"st michel - sports - activit\u00e9s - sportives - entra\u00eenement - basket - match - ASSM - \u00e9quipe - joueur - Madagascar\" \/>\n<meta property=\"og:url\" content=\"https:\/\/www.st-michel-amparibe.mg\/index.php\/basket\/\" \/>\n<meta property=\"og:site_name\" content=\"St Michel\" \/>\n<meta property=\"article:modified_time\" content=\"2024-07-12T09:13:23+00:00\" \/>\n<meta property=\"og:image\" content=\"https:\/\/www.st-michel-amparibe.mg\/wp-content\/uploads\/2024\/06\/N1BH-1-150x150.jpg\" \/>\n<meta name=\"twitter:card\" content=\"summary_large_image\" \/>\n<meta name=\"twitter:label1\" content=\"Estimation du temps de lecture\" \/>\n\t<meta name=\"twitter:data1\" content=\"2 minutes\" \/>\n<script type=\"application\/ld+json\" class=\"yoast-schema-graph\">{\"@context\":\"https:\/\/schema.org\",\"@graph\":[{\"@type\":\"WebPage\",\"@id\":\"https:\/\/www.st-michel-amparibe.mg\/index.php\/basket\/\",\"url\":\"https:\/\/www.st-michel-amparibe.mg\/index.php\/basket\/\",\"name\":\"Activit\u00e9s sportives - basket - st michel\",\"isPartOf\":{\"@id\":\"https:\/\/www.st-michel-amparibe.mg\/#website\"},\"primaryImageOfPage\":{\"@id\":\"https:\/\/www.st-michel-amparibe.mg\/index.php\/basket\/#primaryimage\"},\"image\":{\"@id\":\"https:\/\/www.st-michel-amparibe.mg\/index.php\/basket\/#primaryimage\"},\"thumbnailUrl\":\"https:\/\/www.st-michel-amparibe.mg\/wp-content\/uploads\/2024\/06\/N1BH-1-150x150.jpg\",\"datePublished\":\"2024-06-06T11:48:52+00:00\",\"dateModified\":\"2024-07-12T09:13:23+00:00\",\"description\":\"st michel - sports - activit\u00e9s - sportives - entra\u00eenement - basket - match - ASSM - \u00e9quipe - joueur - Madagascar\",\"breadcrumb\":{\"@id\":\"https:\/\/www.st-michel-amparibe.mg\/index.php\/basket\/#breadcrumb\"},\"inLanguage\":\"fr-CA\",\"potentialAction\":[{\"@type\":\"ReadAction\",\"target\":[\"https:\/\/www.st-michel-amparibe.mg\/index.php\/basket\/\"]}]},{\"@type\":\"ImageObject\",\"inLanguage\":\"fr-CA\",\"@id\":\"https:\/\/www.st-michel-amparibe.mg\/index.php\/basket\/#primaryimage\",\"url\":\"https:\/\/www.st-michel-amparibe.mg\/wp-content\/uploads\/2024\/06\/N1BH-1.jpg\",\"contentUrl\":\"https:\/\/www.st-michel-amparibe.mg\/wp-content\/uploads\/2024\/06\/N1BH-1.jpg\",\"width\":960,\"height\":640,\"caption\":\"U18G\"},{\"@type\":\"BreadcrumbList\",\"@id\":\"https:\/\/www.st-michel-amparibe.mg\/index.php\/basket\/#breadcrumb\",\"itemListElement\":[{\"@type\":\"ListItem\",\"position\":1,\"name\":\"Accueil\",\"item\":\"https:\/\/www.st-michel-amparibe.mg\/\"},{\"@type\":\"ListItem\",\"position\":2,\"name\":\"BASKET\"}]},{\"@type\":\"WebSite\",\"@id\":\"https:\/\/www.st-michel-amparibe.mg\/#website\",\"url\":\"https:\/\/www.st-michel-amparibe.mg\/\",\"name\":\"St Michel amparibe\",\"description\":\"Miorimpaka hanasoa olona.\",\"publisher\":{\"@id\":\"https:\/\/www.st-michel-amparibe.mg\/#organization\"},\"potentialAction\":[{\"@type\":\"SearchAction\",\"target\":{\"@type\":\"EntryPoint\",\"urlTemplate\":\"https:\/\/www.st-michel-amparibe.mg\/?s={search_term_string}\"},\"query-input\":{\"@type\":\"PropertyValueSpecification\",\"valueRequired\":true,\"valueName\":\"search_term_string\"}}],\"inLanguage\":\"fr-CA\"},{\"@type\":\"Organization\",\"@id\":\"https:\/\/www.st-michel-amparibe.mg\/#organization\",\"name\":\"St Michel amparibe\",\"url\":\"https:\/\/www.st-michel-amparibe.mg\/\",\"logo\":{\"@type\":\"ImageObject\",\"inLanguage\":\"fr-CA\",\"@id\":\"https:\/\/www.st-michel-amparibe.mg\/#\/schema\/logo\/image\/\",\"url\":\"https:\/\/www.st-michel-amparibe.mg\/wp-content\/uploads\/2024\/06\/logo-st-michel.jpg\",\"contentUrl\":\"https:\/\/www.st-michel-amparibe.mg\/wp-content\/uploads\/2024\/06\/logo-st-michel.jpg\",\"width\":1021,\"height\":1008,\"caption\":\"St Michel amparibe\"},\"image\":{\"@id\":\"https:\/\/www.st-michel-amparibe.mg\/#\/schema\/logo\/image\/\"}}]}<\/script>\n<!-- \/ Yoast SEO plugin. -->","yoast_head_json":{"title":"Activit\u00e9s sportives - basket - st michel","description":"st michel - sports - activit\u00e9s - sportives - entra\u00eenement - basket - match - ASSM - \u00e9quipe - joueur - Madagascar","robots":{"index":"index","follow":"follow","max-snippet":"max-snippet:-1","max-image-preview":"max-image-preview:large","max-video-preview":"max-video-preview:-1"},"canonical":"https:\/\/www.st-michel-amparibe.mg\/index.php\/basket\/","og_locale":"fr_CA","og_type":"article","og_title":"Activit\u00e9s sportives - basket - st michel","og_description":"st michel - sports - activit\u00e9s - sportives - entra\u00eenement - basket - match - ASSM - \u00e9quipe - joueur - Madagascar","og_url":"https:\/\/www.st-michel-amparibe.mg\/index.php\/basket\/","og_site_name":"St Michel","article_modified_time":"2024-07-12T09:13:23+00:00","og_image":[{"url":"https:\/\/www.st-michel-amparibe.mg\/wp-content\/uploads\/2024\/06\/N1BH-1-150x150.jpg","type":"","width":"","height":""}],"twitter_card":"summary_large_image","twitter_misc":{"Estimation du temps de lecture":"2 minutes"},"schema":{"@context":"https:\/\/schema.org","@graph":[{"@type":"WebPage","@id":"https:\/\/www.st-michel-amparibe.mg\/index.php\/basket\/","url":"https:\/\/www.st-michel-amparibe.mg\/index.php\/basket\/","name":"Activit\u00e9s sportives - basket - st michel","isPartOf":{"@id":"https:\/\/www.st-michel-amparibe.mg\/#website"},"primaryImageOfPage":{"@id":"https:\/\/www.st-michel-amparibe.mg\/index.php\/basket\/#primaryimage"},"image":{"@id":"https:\/\/www.st-michel-amparibe.mg\/index.php\/basket\/#primaryimage"},"thumbnailUrl":"https:\/\/www.st-michel-amparibe.mg\/wp-content\/uploads\/2024\/06\/N1BH-1-150x150.jpg","datePublished":"2024-06-06T11:48:52+00:00","dateModified":"2024-07-12T09:13:23+00:00","description":"st michel - sports - activit\u00e9s - sportives - entra\u00eenement - basket - match - ASSM - \u00e9quipe - joueur - Madagascar","breadcrumb":{"@id":"https:\/\/www.st-michel-amparibe.mg\/index.php\/basket\/#breadcrumb"},"inLanguage":"fr-CA","potentialAction":[{"@type":"ReadAction","target":["https:\/\/www.st-michel-amparibe.mg\/index.php\/basket\/"]}]},{"@type":"ImageObject","inLanguage":"fr-CA","@id":"https:\/\/www.st-michel-amparibe.mg\/index.php\/basket\/#primaryimage","url":"https:\/\/www.st-michel-amparibe.mg\/wp-content\/uploads\/2024\/06\/N1BH-1.jpg","contentUrl":"https:\/\/www.st-michel-amparibe.mg\/wp-content\/uploads\/2024\/06\/N1BH-1.jpg","width":960,"height":640,"caption":"U18G"},{"@type":"BreadcrumbList","@id":"https:\/\/www.st-michel-amparibe.mg\/index.php\/basket\/#breadcrumb","itemListElement":[{"@type":"ListItem","position":1,"name":"Accueil","item":"https:\/\/www.st-michel-amparibe.mg\/"},{"@type":"ListItem","position":2,"name":"BASKET"}]},{"@type":"WebSite","@id":"https:\/\/www.st-michel-amparibe.mg\/#website","url":"https:\/\/www.st-michel-amparibe.mg\/","name":"St Michel amparibe","description":"Miorimpaka hanasoa olona.","publisher":{"@id":"https:\/\/www.st-michel-amparibe.mg\/#organization"},"potentialAction":[{"@type":"SearchAction","target":{"@type":"EntryPoint","urlTemplate":"https:\/\/www.st-michel-amparibe.mg\/?s={search_term_string}"},"query-input":{"@type":"PropertyValueSpecification","valueRequired":true,"valueName":"search_term_string"}}],"inLanguage":"fr-CA"},{"@type":"Organization","@id":"https:\/\/www.st-michel-amparibe.mg\/#organization","name":"St Michel amparibe","url":"https:\/\/www.st-michel-amparibe.mg\/","logo":{"@type":"ImageObject","inLanguage":"fr-CA","@id":"https:\/\/www.st-michel-amparibe.mg\/#\/schema\/logo\/image\/","url":"https:\/\/www.st-michel-amparibe.mg\/wp-content\/uploads\/2024\/06\/logo-st-michel.jpg","contentUrl":"https:\/\/www.st-michel-amparibe.mg\/wp-content\/uploads\/2024\/06\/logo-st-michel.jpg","width":1021,"height":1008,"caption":"St Michel amparibe"},"image":{"@id":"https:\/\/www.st-michel-amparibe.mg\/#\/schema\/logo\/image\/"}}]}},"_links":{"self":[{"href":"https:\/\/www.st-michel-amparibe.mg\/index.php\/wp-json\/wp\/v2\/pages\/791","targetHints":{"allow":["GET"]}}],"collection":[{"href":"https:\/\/www.st-michel-amparibe.mg\/index.php\/wp-json\/wp\/v2\/pages"}],"about":[{"href":"https:\/\/www.st-michel-amparibe.mg\/index.php\/wp-json\/wp\/v2\/types\/page"}],"author":[{"embeddable":true,"href":"https:\/\/www.st-michel-amparibe.mg\/index.php\/wp-json\/wp\/v2\/users\/1"}],"replies":[{"embeddable":true,"href":"https:\/\/www.st-michel-amparibe.mg\/index.php\/wp-json\/wp\/v2\/comments?post=791"}],"version-history":[{"count":13,"href":"https:\/\/www.st-michel-amparibe.mg\/index.php\/wp-json\/wp\/v2\/pages\/791\/revisions"}],"predecessor-version":[{"id":852,"href":"https:\/\/www.st-michel-amparibe.mg\/index.php\/wp-json\/wp\/v2\/pages\/791\/revisions\/852"}],"wp:attachment":[{"href":"https:\/\/www.st-michel-amparibe.mg\/index.php\/wp-json\/wp\/v2\/media?parent=791"}],"curies":[{"name":"wp","href":"https:\/\/api.w.org\/{rel}","templated":true}]}}