{"id":818,"date":"2024-06-06T12:01:38","date_gmt":"2024-06-06T12:01:38","guid":{"rendered":"https:\/\/www.st-michel-amparibe.mg\/?page_id=818"},"modified":"2024-07-12T09:13:59","modified_gmt":"2024-07-12T09:13:59","slug":"judo","status":"publish","type":"page","link":"https:\/\/www.st-michel-amparibe.mg\/index.php\/judo\/","title":{"rendered":"JUDO"},"content":{"rendered":"\t\t<div data-elementor-type=\"wp-page\" data-elementor-id=\"818\" class=\"elementor elementor-818\" data-elementor-post-type=\"page\">\n\t\t\t\t<div class=\"elementor-element elementor-element-a7cf04c e-flex e-con-boxed e-con e-parent\" data-id=\"a7cf04c\" data-element_type=\"container\">\n\t\t\t\t\t<div class=\"e-con-inner\">\n\t\t\t\t<div class=\"elementor-element elementor-element-2941f70 elementor-widget elementor-widget-image\" data-id=\"2941f70\" data-element_type=\"widget\" data-widget_type=\"image.default\">\n\t\t\t\t<div class=\"elementor-widget-container\">\n\t\t\t\t\t\t\t\t\t\t\t\t\t\t\t<img fetchpriority=\"high\" decoding=\"async\" width=\"720\" height=\"480\" src=\"https:\/\/www.st-michel-amparibe.mg\/wp-content\/uploads\/2024\/06\/JUDO.jpg\" class=\"attachment-large size-large wp-image-746\" alt=\"\" srcset=\"https:\/\/www.st-michel-amparibe.mg\/wp-content\/uploads\/2024\/06\/JUDO.jpg 720w, https:\/\/www.st-michel-amparibe.mg\/wp-content\/uploads\/2024\/06\/JUDO-300x200.jpg 300w\" sizes=\"(max-width: 720px) 100vw, 720px\" \/>\t\t\t\t\t\t\t\t\t\t\t\t\t\t\t<\/div>\n\t\t\t\t<\/div>\n\t\t\t\t\t<\/div>\n\t\t\t\t<\/div>\n\t\t<div class=\"elementor-element elementor-element-bf4ad35 e-flex e-con-boxed e-con e-parent\" data-id=\"bf4ad35\" data-element_type=\"container\">\n\t\t\t\t\t<div class=\"e-con-inner\">\n\t\t\t\t<div class=\"elementor-element elementor-element-81dbf6b gallery-spacing-custom elementor-widget elementor-widget-image-gallery\" data-id=\"81dbf6b\" data-element_type=\"widget\" data-widget_type=\"image-gallery.default\">\n\t\t\t\t<div class=\"elementor-widget-container\">\n\t\t\t\t\t\t\t<div class=\"elementor-image-gallery\">\n\t\t\t<div id='gallery-1' class='gallery galleryid-818 gallery-columns-6 gallery-size-thumbnail'><figure class='gallery-item'>\n\t\t\t<div class='gallery-icon landscape'>\n\t\t\t\t<a data-elementor-open-lightbox=\"yes\" data-elementor-lightbox-slideshow=\"81dbf6b\" data-elementor-lightbox-title=\"IMG-20240601-WA0004\" data-e-action-hash=\"#elementor-action%3Aaction%3Dlightbox%26settings%3DeyJpZCI6ODkzLCJ1cmwiOiJodHRwczpcL1wvd3d3LnN0LW1pY2hlbC1hbXBhcmliZS5tZ1wvd3AtY29udGVudFwvdXBsb2Fkc1wvMjAyNFwvMDZcL0lNRy0yMDI0MDYwMS1XQTAwMDQuanBnIiwic2xpZGVzaG93IjoiODFkYmY2YiJ9\" href='https:\/\/www.st-michel-amparibe.mg\/wp-content\/uploads\/2024\/06\/IMG-20240601-WA0004.jpg'><img decoding=\"async\" width=\"150\" height=\"150\" src=\"https:\/\/www.st-michel-amparibe.mg\/wp-content\/uploads\/2024\/06\/IMG-20240601-WA0004-150x150.jpg\" class=\"attachment-thumbnail size-thumbnail\" alt=\"\" \/><\/a>\n\t\t\t<\/div><\/figure><figure class='gallery-item'>\n\t\t\t<div class='gallery-icon landscape'>\n\t\t\t\t<a data-elementor-open-lightbox=\"yes\" data-elementor-lightbox-slideshow=\"81dbf6b\" data-elementor-lightbox-title=\"IMG-20240601-WA0005\" data-e-action-hash=\"#elementor-action%3Aaction%3Dlightbox%26settings%3DeyJpZCI6ODk0LCJ1cmwiOiJodHRwczpcL1wvd3d3LnN0LW1pY2hlbC1hbXBhcmliZS5tZ1wvd3AtY29udGVudFwvdXBsb2Fkc1wvMjAyNFwvMDZcL0lNRy0yMDI0MDYwMS1XQTAwMDUuanBnIiwic2xpZGVzaG93IjoiODFkYmY2YiJ9\" href='https:\/\/www.st-michel-amparibe.mg\/wp-content\/uploads\/2024\/06\/IMG-20240601-WA0005.jpg'><img decoding=\"async\" width=\"150\" height=\"150\" src=\"https:\/\/www.st-michel-amparibe.mg\/wp-content\/uploads\/2024\/06\/IMG-20240601-WA0005-150x150.jpg\" class=\"attachment-thumbnail size-thumbnail\" alt=\"\" \/><\/a>\n\t\t\t<\/div><\/figure><figure class='gallery-item'>\n\t\t\t<div class='gallery-icon landscape'>\n\t\t\t\t<a data-elementor-open-lightbox=\"yes\" data-elementor-lightbox-slideshow=\"81dbf6b\" data-elementor-lightbox-title=\"IMG-20240601-WA0006\" data-e-action-hash=\"#elementor-action%3Aaction%3Dlightbox%26settings%3DeyJpZCI6ODk1LCJ1cmwiOiJodHRwczpcL1wvd3d3LnN0LW1pY2hlbC1hbXBhcmliZS5tZ1wvd3AtY29udGVudFwvdXBsb2Fkc1wvMjAyNFwvMDZcL0lNRy0yMDI0MDYwMS1XQTAwMDYuanBnIiwic2xpZGVzaG93IjoiODFkYmY2YiJ9\" href='https:\/\/www.st-michel-amparibe.mg\/wp-content\/uploads\/2024\/06\/IMG-20240601-WA0006.jpg'><img loading=\"lazy\" decoding=\"async\" width=\"150\" height=\"150\" src=\"https:\/\/www.st-michel-amparibe.mg\/wp-content\/uploads\/2024\/06\/IMG-20240601-WA0006-150x150.jpg\" class=\"attachment-thumbnail size-thumbnail\" alt=\"\" \/><\/a>\n\t\t\t<\/div><\/figure><figure class='gallery-item'>\n\t\t\t<div class='gallery-icon landscape'>\n\t\t\t\t<a data-elementor-open-lightbox=\"yes\" data-elementor-lightbox-slideshow=\"81dbf6b\" data-elementor-lightbox-title=\"IMG-20240601-WA0007\" data-e-action-hash=\"#elementor-action%3Aaction%3Dlightbox%26settings%3DeyJpZCI6ODk2LCJ1cmwiOiJodHRwczpcL1wvd3d3LnN0LW1pY2hlbC1hbXBhcmliZS5tZ1wvd3AtY29udGVudFwvdXBsb2Fkc1wvMjAyNFwvMDZcL0lNRy0yMDI0MDYwMS1XQTAwMDcuanBnIiwic2xpZGVzaG93IjoiODFkYmY2YiJ9\" href='https:\/\/www.st-michel-amparibe.mg\/wp-content\/uploads\/2024\/06\/IMG-20240601-WA0007.jpg'><img loading=\"lazy\" decoding=\"async\" width=\"150\" height=\"150\" src=\"https:\/\/www.st-michel-amparibe.mg\/wp-content\/uploads\/2024\/06\/IMG-20240601-WA0007-150x150.jpg\" class=\"attachment-thumbnail size-thumbnail\" alt=\"\" \/><\/a>\n\t\t\t<\/div><\/figure><figure class='gallery-item'>\n\t\t\t<div class='gallery-icon landscape'>\n\t\t\t\t<a data-elementor-open-lightbox=\"yes\" data-elementor-lightbox-slideshow=\"81dbf6b\" data-elementor-lightbox-title=\"IMG-20240601-WA0008\" data-e-action-hash=\"#elementor-action%3Aaction%3Dlightbox%26settings%3DeyJpZCI6ODk3LCJ1cmwiOiJodHRwczpcL1wvd3d3LnN0LW1pY2hlbC1hbXBhcmliZS5tZ1wvd3AtY29udGVudFwvdXBsb2Fkc1wvMjAyNFwvMDZcL0lNRy0yMDI0MDYwMS1XQTAwMDguanBnIiwic2xpZGVzaG93IjoiODFkYmY2YiJ9\" href='https:\/\/www.st-michel-amparibe.mg\/wp-content\/uploads\/2024\/06\/IMG-20240601-WA0008.jpg'><img loading=\"lazy\" decoding=\"async\" width=\"150\" height=\"150\" src=\"https:\/\/www.st-michel-amparibe.mg\/wp-content\/uploads\/2024\/06\/IMG-20240601-WA0008-150x150.jpg\" class=\"attachment-thumbnail size-thumbnail\" alt=\"\" \/><\/a>\n\t\t\t<\/div><\/figure><figure class='gallery-item'>\n\t\t\t<div class='gallery-icon portrait'>\n\t\t\t\t<a data-elementor-open-lightbox=\"yes\" data-elementor-lightbox-slideshow=\"81dbf6b\" data-elementor-lightbox-title=\"IMG-20240601-WA0009\" data-e-action-hash=\"#elementor-action%3Aaction%3Dlightbox%26settings%3DeyJpZCI6ODk4LCJ1cmwiOiJodHRwczpcL1wvd3d3LnN0LW1pY2hlbC1hbXBhcmliZS5tZ1wvd3AtY29udGVudFwvdXBsb2Fkc1wvMjAyNFwvMDZcL0lNRy0yMDI0MDYwMS1XQTAwMDkuanBnIiwic2xpZGVzaG93IjoiODFkYmY2YiJ9\" href='https:\/\/www.st-michel-amparibe.mg\/wp-content\/uploads\/2024\/06\/IMG-20240601-WA0009.jpg'><img loading=\"lazy\" decoding=\"async\" width=\"150\" height=\"150\" src=\"https:\/\/www.st-michel-amparibe.mg\/wp-content\/uploads\/2024\/06\/IMG-20240601-WA0009-150x150.jpg\" class=\"attachment-thumbnail size-thumbnail\" alt=\"\" \/><\/a>\n\t\t\t<\/div><\/figure><figure class='gallery-item'>\n\t\t\t<div class='gallery-icon portrait'>\n\t\t\t\t<a data-elementor-open-lightbox=\"yes\" data-elementor-lightbox-slideshow=\"81dbf6b\" data-elementor-lightbox-title=\"IMG-20240601-WA0010\" data-e-action-hash=\"#elementor-action%3Aaction%3Dlightbox%26settings%3DeyJpZCI6ODk5LCJ1cmwiOiJodHRwczpcL1wvd3d3LnN0LW1pY2hlbC1hbXBhcmliZS5tZ1wvd3AtY29udGVudFwvdXBsb2Fkc1wvMjAyNFwvMDZcL0lNRy0yMDI0MDYwMS1XQTAwMTAuanBnIiwic2xpZGVzaG93IjoiODFkYmY2YiJ9\" href='https:\/\/www.st-michel-amparibe.mg\/wp-content\/uploads\/2024\/06\/IMG-20240601-WA0010.jpg'><img loading=\"lazy\" decoding=\"async\" width=\"150\" height=\"150\" src=\"https:\/\/www.st-michel-amparibe.mg\/wp-content\/uploads\/2024\/06\/IMG-20240601-WA0010-150x150.jpg\" class=\"attachment-thumbnail size-thumbnail\" alt=\"\" \/><\/a>\n\t\t\t<\/div><\/figure><figure class='gallery-item'>\n\t\t\t<div class='gallery-icon landscape'>\n\t\t\t\t<a data-elementor-open-lightbox=\"yes\" data-elementor-lightbox-slideshow=\"81dbf6b\" data-elementor-lightbox-title=\"IMG-20240601-WA0011\" data-e-action-hash=\"#elementor-action%3Aaction%3Dlightbox%26settings%3DeyJpZCI6OTAwLCJ1cmwiOiJodHRwczpcL1wvd3d3LnN0LW1pY2hlbC1hbXBhcmliZS5tZ1wvd3AtY29udGVudFwvdXBsb2Fkc1wvMjAyNFwvMDZcL0lNRy0yMDI0MDYwMS1XQTAwMTEuanBnIiwic2xpZGVzaG93IjoiODFkYmY2YiJ9\" href='https:\/\/www.st-michel-amparibe.mg\/wp-content\/uploads\/2024\/06\/IMG-20240601-WA0011.jpg'><img loading=\"lazy\" decoding=\"async\" width=\"150\" height=\"150\" src=\"https:\/\/www.st-michel-amparibe.mg\/wp-content\/uploads\/2024\/06\/IMG-20240601-WA0011-150x150.jpg\" class=\"attachment-thumbnail size-thumbnail\" alt=\"\" \/><\/a>\n\t\t\t<\/div><\/figure><figure class='gallery-item'>\n\t\t\t<div class='gallery-icon landscape'>\n\t\t\t\t<a data-elementor-open-lightbox=\"yes\" data-elementor-lightbox-slideshow=\"81dbf6b\" data-elementor-lightbox-title=\"IMG-20240601-WA0012\" data-e-action-hash=\"#elementor-action%3Aaction%3Dlightbox%26settings%3DeyJpZCI6OTAxLCJ1cmwiOiJodHRwczpcL1wvd3d3LnN0LW1pY2hlbC1hbXBhcmliZS5tZ1wvd3AtY29udGVudFwvdXBsb2Fkc1wvMjAyNFwvMDZcL0lNRy0yMDI0MDYwMS1XQTAwMTItMS5qcGciLCJzbGlkZXNob3ciOiI4MWRiZjZiIn0%3D\" href='https:\/\/www.st-michel-amparibe.mg\/wp-content\/uploads\/2024\/06\/IMG-20240601-WA0012-1.jpg'><img loading=\"lazy\" decoding=\"async\" width=\"150\" height=\"150\" src=\"https:\/\/www.st-michel-amparibe.mg\/wp-content\/uploads\/2024\/06\/IMG-20240601-WA0012-1-150x150.jpg\" class=\"attachment-thumbnail size-thumbnail\" alt=\"\" \/><\/a>\n\t\t\t<\/div><\/figure><figure class='gallery-item'>\n\t\t\t<div class='gallery-icon portrait'>\n\t\t\t\t<a data-elementor-open-lightbox=\"yes\" data-elementor-lightbox-slideshow=\"81dbf6b\" data-elementor-lightbox-title=\"IMG-20240601-WA0013\" data-e-action-hash=\"#elementor-action%3Aaction%3Dlightbox%26settings%3DeyJpZCI6OTAyLCJ1cmwiOiJodHRwczpcL1wvd3d3LnN0LW1pY2hlbC1hbXBhcmliZS5tZ1wvd3AtY29udGVudFwvdXBsb2Fkc1wvMjAyNFwvMDZcL0lNRy0yMDI0MDYwMS1XQTAwMTMuanBnIiwic2xpZGVzaG93IjoiODFkYmY2YiJ9\" href='https:\/\/www.st-michel-amparibe.mg\/wp-content\/uploads\/2024\/06\/IMG-20240601-WA0013.jpg'><img loading=\"lazy\" decoding=\"async\" width=\"150\" height=\"150\" src=\"https:\/\/www.st-michel-amparibe.mg\/wp-content\/uploads\/2024\/06\/IMG-20240601-WA0013-150x150.jpg\" class=\"attachment-thumbnail size-thumbnail\" alt=\"\" \/><\/a>\n\t\t\t<\/div><\/figure><figure class='gallery-item'>\n\t\t\t<div class='gallery-icon landscape'>\n\t\t\t\t<a data-elementor-open-lightbox=\"yes\" data-elementor-lightbox-slideshow=\"81dbf6b\" data-elementor-lightbox-title=\"IMG-20240601-WA0014\" data-e-action-hash=\"#elementor-action%3Aaction%3Dlightbox%26settings%3DeyJpZCI6OTAzLCJ1cmwiOiJodHRwczpcL1wvd3d3LnN0LW1pY2hlbC1hbXBhcmliZS5tZ1wvd3AtY29udGVudFwvdXBsb2Fkc1wvMjAyNFwvMDZcL0lNRy0yMDI0MDYwMS1XQTAwMTQuanBnIiwic2xpZGVzaG93IjoiODFkYmY2YiJ9\" href='https:\/\/www.st-michel-amparibe.mg\/wp-content\/uploads\/2024\/06\/IMG-20240601-WA0014.jpg'><img loading=\"lazy\" decoding=\"async\" width=\"150\" height=\"150\" src=\"https:\/\/www.st-michel-amparibe.mg\/wp-content\/uploads\/2024\/06\/IMG-20240601-WA0014-150x150.jpg\" class=\"attachment-thumbnail size-thumbnail\" alt=\"\" \/><\/a>\n\t\t\t<\/div><\/figure><figure class='gallery-item'>\n\t\t\t<div class='gallery-icon landscape'>\n\t\t\t\t<a data-elementor-open-lightbox=\"yes\" data-elementor-lightbox-slideshow=\"81dbf6b\" data-elementor-lightbox-title=\"IMG-20240601-WA0015\" data-e-action-hash=\"#elementor-action%3Aaction%3Dlightbox%26settings%3DeyJpZCI6OTA0LCJ1cmwiOiJodHRwczpcL1wvd3d3LnN0LW1pY2hlbC1hbXBhcmliZS5tZ1wvd3AtY29udGVudFwvdXBsb2Fkc1wvMjAyNFwvMDZcL0lNRy0yMDI0MDYwMS1XQTAwMTUuanBnIiwic2xpZGVzaG93IjoiODFkYmY2YiJ9\" href='https:\/\/www.st-michel-amparibe.mg\/wp-content\/uploads\/2024\/06\/IMG-20240601-WA0015.jpg'><img loading=\"lazy\" decoding=\"async\" width=\"150\" height=\"150\" src=\"https:\/\/www.st-michel-amparibe.mg\/wp-content\/uploads\/2024\/06\/IMG-20240601-WA0015-150x150.jpg\" class=\"attachment-thumbnail size-thumbnail\" alt=\"\" \/><\/a>\n\t\t\t<\/div><\/figure><figure class='gallery-item'>\n\t\t\t<div class='gallery-icon portrait'>\n\t\t\t\t<a data-elementor-open-lightbox=\"yes\" data-elementor-lightbox-slideshow=\"81dbf6b\" data-elementor-lightbox-title=\"IMG-20240601-WA0016\" data-e-action-hash=\"#elementor-action%3Aaction%3Dlightbox%26settings%3DeyJpZCI6OTA1LCJ1cmwiOiJodHRwczpcL1wvd3d3LnN0LW1pY2hlbC1hbXBhcmliZS5tZ1wvd3AtY29udGVudFwvdXBsb2Fkc1wvMjAyNFwvMDZcL0lNRy0yMDI0MDYwMS1XQTAwMTYuanBnIiwic2xpZGVzaG93IjoiODFkYmY2YiJ9\" href='https:\/\/www.st-michel-amparibe.mg\/wp-content\/uploads\/2024\/06\/IMG-20240601-WA0016.jpg'><img loading=\"lazy\" decoding=\"async\" width=\"150\" height=\"150\" src=\"https:\/\/www.st-michel-amparibe.mg\/wp-content\/uploads\/2024\/06\/IMG-20240601-WA0016-150x150.jpg\" class=\"attachment-thumbnail size-thumbnail\" alt=\"\" \/><\/a>\n\t\t\t<\/div><\/figure><figure class='gallery-item'>\n\t\t\t<div class='gallery-icon landscape'>\n\t\t\t\t<a data-elementor-open-lightbox=\"yes\" data-elementor-lightbox-slideshow=\"81dbf6b\" data-elementor-lightbox-title=\"IMG-20240601-WA0017\" data-e-action-hash=\"#elementor-action%3Aaction%3Dlightbox%26settings%3DeyJpZCI6OTA2LCJ1cmwiOiJodHRwczpcL1wvd3d3LnN0LW1pY2hlbC1hbXBhcmliZS5tZ1wvd3AtY29udGVudFwvdXBsb2Fkc1wvMjAyNFwvMDZcL0lNRy0yMDI0MDYwMS1XQTAwMTcuanBnIiwic2xpZGVzaG93IjoiODFkYmY2YiJ9\" href='https:\/\/www.st-michel-amparibe.mg\/wp-content\/uploads\/2024\/06\/IMG-20240601-WA0017.jpg'><img loading=\"lazy\" decoding=\"async\" width=\"150\" height=\"150\" src=\"https:\/\/www.st-michel-amparibe.mg\/wp-content\/uploads\/2024\/06\/IMG-20240601-WA0017-150x150.jpg\" class=\"attachment-thumbnail size-thumbnail\" alt=\"\" \/><\/a>\n\t\t\t<\/div><\/figure>\n\t\t<\/div>\n\t\t<\/div>\n\t\t\t\t\t\t<\/div>\n\t\t\t\t<\/div>\n\t\t\t\t\t<\/div>\n\t\t\t\t<\/div>\n\t\t\t\t<\/div>\n\t\t","protected":false},"excerpt":{"rendered":"","protected":false},"author":1,"featured_media":0,"parent":0,"menu_order":0,"comment_status":"closed","ping_status":"closed","template":"","meta":{"footnotes":""},"class_list":["post-818","page","type-page","status-publish","hentry"],"yoast_head":"<!-- This site is optimized with the Yoast SEO plugin v26.6 - https:\/\/yoast.com\/wordpress\/plugins\/seo\/ -->\n<title>Activit\u00e9s sportives - judo - st michel<\/title>\n<meta name=\"description\" content=\"st michel - sports - activit\u00e9s - sportives - entra\u00eenement - judo - match - apprentissage - Antananarivo - Madagascar\" \/>\n<meta name=\"robots\" content=\"index, follow, max-snippet:-1, max-image-preview:large, max-video-preview:-1\" \/>\n<link rel=\"canonical\" href=\"https:\/\/www.st-michel-amparibe.mg\/index.php\/judo\/\" \/>\n<meta property=\"og:locale\" content=\"fr_CA\" \/>\n<meta property=\"og:type\" content=\"article\" \/>\n<meta property=\"og:title\" content=\"Activit\u00e9s sportives - judo - st michel\" \/>\n<meta property=\"og:description\" content=\"st michel - sports - activit\u00e9s - sportives - entra\u00eenement - judo - match - apprentissage - Antananarivo - Madagascar\" \/>\n<meta property=\"og:url\" content=\"https:\/\/www.st-michel-amparibe.mg\/index.php\/judo\/\" \/>\n<meta property=\"og:site_name\" content=\"St Michel\" \/>\n<meta property=\"article:modified_time\" content=\"2024-07-12T09:13:59+00:00\" \/>\n<meta property=\"og:image\" content=\"https:\/\/www.st-michel-amparibe.mg\/wp-content\/uploads\/2024\/06\/JUDO.jpg\" \/>\n<meta name=\"twitter:card\" content=\"summary_large_image\" \/>\n<meta name=\"twitter:label1\" content=\"Estimation du temps de lecture\" \/>\n\t<meta name=\"twitter:data1\" content=\"3 minutes\" \/>\n<script type=\"application\/ld+json\" class=\"yoast-schema-graph\">{\"@context\":\"https:\/\/schema.org\",\"@graph\":[{\"@type\":\"WebPage\",\"@id\":\"https:\/\/www.st-michel-amparibe.mg\/index.php\/judo\/\",\"url\":\"https:\/\/www.st-michel-amparibe.mg\/index.php\/judo\/\",\"name\":\"Activit\u00e9s sportives - judo - st michel\",\"isPartOf\":{\"@id\":\"https:\/\/www.st-michel-amparibe.mg\/#website\"},\"primaryImageOfPage\":{\"@id\":\"https:\/\/www.st-michel-amparibe.mg\/index.php\/judo\/#primaryimage\"},\"image\":{\"@id\":\"https:\/\/www.st-michel-amparibe.mg\/index.php\/judo\/#primaryimage\"},\"thumbnailUrl\":\"https:\/\/www.st-michel-amparibe.mg\/wp-content\/uploads\/2024\/06\/JUDO.jpg\",\"datePublished\":\"2024-06-06T12:01:38+00:00\",\"dateModified\":\"2024-07-12T09:13:59+00:00\",\"description\":\"st michel - sports - activit\u00e9s - sportives - entra\u00eenement - judo - match - apprentissage - Antananarivo - Madagascar\",\"breadcrumb\":{\"@id\":\"https:\/\/www.st-michel-amparibe.mg\/index.php\/judo\/#breadcrumb\"},\"inLanguage\":\"fr-CA\",\"potentialAction\":[{\"@type\":\"ReadAction\",\"target\":[\"https:\/\/www.st-michel-amparibe.mg\/index.php\/judo\/\"]}]},{\"@type\":\"ImageObject\",\"inLanguage\":\"fr-CA\",\"@id\":\"https:\/\/www.st-michel-amparibe.mg\/index.php\/judo\/#primaryimage\",\"url\":\"https:\/\/www.st-michel-amparibe.mg\/wp-content\/uploads\/2024\/06\/JUDO.jpg\",\"contentUrl\":\"https:\/\/www.st-michel-amparibe.mg\/wp-content\/uploads\/2024\/06\/JUDO.jpg\",\"width\":720,\"height\":480},{\"@type\":\"BreadcrumbList\",\"@id\":\"https:\/\/www.st-michel-amparibe.mg\/index.php\/judo\/#breadcrumb\",\"itemListElement\":[{\"@type\":\"ListItem\",\"position\":1,\"name\":\"Accueil\",\"item\":\"https:\/\/www.st-michel-amparibe.mg\/\"},{\"@type\":\"ListItem\",\"position\":2,\"name\":\"JUDO\"}]},{\"@type\":\"WebSite\",\"@id\":\"https:\/\/www.st-michel-amparibe.mg\/#website\",\"url\":\"https:\/\/www.st-michel-amparibe.mg\/\",\"name\":\"St Michel amparibe\",\"description\":\"Miorimpaka hanasoa olona.\",\"publisher\":{\"@id\":\"https:\/\/www.st-michel-amparibe.mg\/#organization\"},\"potentialAction\":[{\"@type\":\"SearchAction\",\"target\":{\"@type\":\"EntryPoint\",\"urlTemplate\":\"https:\/\/www.st-michel-amparibe.mg\/?s={search_term_string}\"},\"query-input\":{\"@type\":\"PropertyValueSpecification\",\"valueRequired\":true,\"valueName\":\"search_term_string\"}}],\"inLanguage\":\"fr-CA\"},{\"@type\":\"Organization\",\"@id\":\"https:\/\/www.st-michel-amparibe.mg\/#organization\",\"name\":\"St Michel amparibe\",\"url\":\"https:\/\/www.st-michel-amparibe.mg\/\",\"logo\":{\"@type\":\"ImageObject\",\"inLanguage\":\"fr-CA\",\"@id\":\"https:\/\/www.st-michel-amparibe.mg\/#\/schema\/logo\/image\/\",\"url\":\"https:\/\/www.st-michel-amparibe.mg\/wp-content\/uploads\/2024\/06\/logo-st-michel.jpg\",\"contentUrl\":\"https:\/\/www.st-michel-amparibe.mg\/wp-content\/uploads\/2024\/06\/logo-st-michel.jpg\",\"width\":1021,\"height\":1008,\"caption\":\"St Michel amparibe\"},\"image\":{\"@id\":\"https:\/\/www.st-michel-amparibe.mg\/#\/schema\/logo\/image\/\"}}]}<\/script>\n<!-- \/ Yoast SEO plugin. -->","yoast_head_json":{"title":"Activit\u00e9s sportives - judo - st michel","description":"st michel - sports - activit\u00e9s - sportives - entra\u00eenement - judo - match - apprentissage - Antananarivo - Madagascar","robots":{"index":"index","follow":"follow","max-snippet":"max-snippet:-1","max-image-preview":"max-image-preview:large","max-video-preview":"max-video-preview:-1"},"canonical":"https:\/\/www.st-michel-amparibe.mg\/index.php\/judo\/","og_locale":"fr_CA","og_type":"article","og_title":"Activit\u00e9s sportives - judo - st michel","og_description":"st michel - sports - activit\u00e9s - sportives - entra\u00eenement - judo - match - apprentissage - Antananarivo - Madagascar","og_url":"https:\/\/www.st-michel-amparibe.mg\/index.php\/judo\/","og_site_name":"St Michel","article_modified_time":"2024-07-12T09:13:59+00:00","og_image":[{"url":"https:\/\/www.st-michel-amparibe.mg\/wp-content\/uploads\/2024\/06\/JUDO.jpg","type":"","width":"","height":""}],"twitter_card":"summary_large_image","twitter_misc":{"Estimation du temps de lecture":"3 minutes"},"schema":{"@context":"https:\/\/schema.org","@graph":[{"@type":"WebPage","@id":"https:\/\/www.st-michel-amparibe.mg\/index.php\/judo\/","url":"https:\/\/www.st-michel-amparibe.mg\/index.php\/judo\/","name":"Activit\u00e9s sportives - judo - st michel","isPartOf":{"@id":"https:\/\/www.st-michel-amparibe.mg\/#website"},"primaryImageOfPage":{"@id":"https:\/\/www.st-michel-amparibe.mg\/index.php\/judo\/#primaryimage"},"image":{"@id":"https:\/\/www.st-michel-amparibe.mg\/index.php\/judo\/#primaryimage"},"thumbnailUrl":"https:\/\/www.st-michel-amparibe.mg\/wp-content\/uploads\/2024\/06\/JUDO.jpg","datePublished":"2024-06-06T12:01:38+00:00","dateModified":"2024-07-12T09:13:59+00:00","description":"st michel - sports - activit\u00e9s - sportives - entra\u00eenement - judo - match - apprentissage - Antananarivo - Madagascar","breadcrumb":{"@id":"https:\/\/www.st-michel-amparibe.mg\/index.php\/judo\/#breadcrumb"},"inLanguage":"fr-CA","potentialAction":[{"@type":"ReadAction","target":["https:\/\/www.st-michel-amparibe.mg\/index.php\/judo\/"]}]},{"@type":"ImageObject","inLanguage":"fr-CA","@id":"https:\/\/www.st-michel-amparibe.mg\/index.php\/judo\/#primaryimage","url":"https:\/\/www.st-michel-amparibe.mg\/wp-content\/uploads\/2024\/06\/JUDO.jpg","contentUrl":"https:\/\/www.st-michel-amparibe.mg\/wp-content\/uploads\/2024\/06\/JUDO.jpg","width":720,"height":480},{"@type":"BreadcrumbList","@id":"https:\/\/www.st-michel-amparibe.mg\/index.php\/judo\/#breadcrumb","itemListElement":[{"@type":"ListItem","position":1,"name":"Accueil","item":"https:\/\/www.st-michel-amparibe.mg\/"},{"@type":"ListItem","position":2,"name":"JUDO"}]},{"@type":"WebSite","@id":"https:\/\/www.st-michel-amparibe.mg\/#website","url":"https:\/\/www.st-michel-amparibe.mg\/","name":"St Michel amparibe","description":"Miorimpaka hanasoa olona.","publisher":{"@id":"https:\/\/www.st-michel-amparibe.mg\/#organization"},"potentialAction":[{"@type":"SearchAction","target":{"@type":"EntryPoint","urlTemplate":"https:\/\/www.st-michel-amparibe.mg\/?s={search_term_string}"},"query-input":{"@type":"PropertyValueSpecification","valueRequired":true,"valueName":"search_term_string"}}],"inLanguage":"fr-CA"},{"@type":"Organization","@id":"https:\/\/www.st-michel-amparibe.mg\/#organization","name":"St Michel amparibe","url":"https:\/\/www.st-michel-amparibe.mg\/","logo":{"@type":"ImageObject","inLanguage":"fr-CA","@id":"https:\/\/www.st-michel-amparibe.mg\/#\/schema\/logo\/image\/","url":"https:\/\/www.st-michel-amparibe.mg\/wp-content\/uploads\/2024\/06\/logo-st-michel.jpg","contentUrl":"https:\/\/www.st-michel-amparibe.mg\/wp-content\/uploads\/2024\/06\/logo-st-michel.jpg","width":1021,"height":1008,"caption":"St Michel amparibe"},"image":{"@id":"https:\/\/www.st-michel-amparibe.mg\/#\/schema\/logo\/image\/"}}]}},"_links":{"self":[{"href":"https:\/\/www.st-michel-amparibe.mg\/index.php\/wp-json\/wp\/v2\/pages\/818","targetHints":{"allow":["GET"]}}],"collection":[{"href":"https:\/\/www.st-michel-amparibe.mg\/index.php\/wp-json\/wp\/v2\/pages"}],"about":[{"href":"https:\/\/www.st-michel-amparibe.mg\/index.php\/wp-json\/wp\/v2\/types\/page"}],"author":[{"embeddable":true,"href":"https:\/\/www.st-michel-amparibe.mg\/index.php\/wp-json\/wp\/v2\/users\/1"}],"replies":[{"embeddable":true,"href":"https:\/\/www.st-michel-amparibe.mg\/index.php\/wp-json\/wp\/v2\/comments?post=818"}],"version-history":[{"count":7,"href":"https:\/\/www.st-michel-amparibe.mg\/index.php\/wp-json\/wp\/v2\/pages\/818\/revisions"}],"predecessor-version":[{"id":988,"href":"https:\/\/www.st-michel-amparibe.mg\/index.php\/wp-json\/wp\/v2\/pages\/818\/revisions\/988"}],"wp:attachment":[{"href":"https:\/\/www.st-michel-amparibe.mg\/index.php\/wp-json\/wp\/v2\/media?parent=818"}],"curies":[{"name":"wp","href":"https:\/\/api.w.org\/{rel}","templated":true}]}}